{"id":7707,"date":"2024-01-10T22:15:54","date_gmt":"2024-01-10T22:15:54","guid":{"rendered":"https:\/\/www.moonoi.ch\/de\/?post_type=product&#038;p=7707"},"modified":"2024-12-13T16:02:21","modified_gmt":"2024-12-13T16:02:21","slug":"grosser-burgunderroter-seidenkissenbezug-475-cm-x-75-cm","status":"publish","type":"product","link":"https:\/\/www.moonoi.ch\/de\/produkt\/grosser-burgunderroter-seidenkissenbezug-475-cm-x-75-cm\/","title":{"rendered":"Gro\u00dfer burgunderroter Seidenkissenbezug \u2013 47,5 cm x 75 cm"},"content":{"rendered":"<p id=\"tw-target-text\" class=\"tw-data-text tw-text-large tw-ta\" dir=\"ltr\" data-placeholder=\"Translation\" data-ved=\"2ahUKEwiE2taJ7NODAxW6gf0HHc1NBcMQ3ewLegQIBRAP\"><span class=\"Y2IQFc\" lang=\"de\">Seidenkissenbezug, handgefertigt in Thailand, 100 % Seide. <\/span><\/p>\n<p class=\"tw-data-text tw-text-large tw-ta\" dir=\"ltr\" data-placeholder=\"Translation\" data-ved=\"2ahUKEwiE2taJ7NODAxW6gf0HHc1NBcMQ3ewLegQIBRAP\"><span class=\"Y2IQFc\" lang=\"de\">Abmessungen: 47,5 cm x 75 cm <\/span><\/p>\n<p class=\"tw-data-text tw-text-large tw-ta\" dir=\"ltr\" data-placeholder=\"Translation\" data-ved=\"2ahUKEwiE2taJ7NODAxW6gf0HHc1NBcMQ3ewLegQIBRAP\"><span class=\"Y2IQFc\" lang=\"de\">Dieser burgunderrote Seide Kissenbezug verleiht Ihrem Bett oder Sofa eine satte und elegante Farbe. Aufgrund seiner Eigenschaften ist Seide ein besonders geeignetes Material f\u00fcr einen Kissenbezug. Die weiche und glatte Textur der Seide tr\u00e4gt dazu bei, die Reibung auf der Haut zu minimieren und so langfristig der Entstehung von Falten vorzubeugen. Au\u00dferdem verursacht Seide keine statische Elektrizit\u00e4t, sodass sich Ihr Haar beim Aufwachen nicht zu sehr verheddert. Schlie\u00dflich verf\u00fcgt ein Seidenkissenbezug \u00fcber thermoregulierende Eigenschaften, die f\u00fcr ein frisches und angenehmes Gef\u00fchl auf der Haut sorgen und so einen guten Schlaf f\u00f6rdern. <\/span><\/p>\n<p class=\"tw-data-text tw-text-large tw-ta\" dir=\"ltr\" data-placeholder=\"Translation\" data-ved=\"2ahUKEwiE2taJ7NODAxW6gf0HHc1NBcMQ3ewLegQIBRAP\"><span class=\"Y2IQFc\" lang=\"de\">Entdecken Sie die faszinierende Welt der Seide mit MOONOI-Seidenartikeln<\/span><\/p>\n","protected":false},"excerpt":{"rendered":"<ul>\n<li id=\"tw-target-text\" class=\"tw-data-text tw-text-large tw-ta\" dir=\"ltr\" data-placeholder=\"Translation\" data-ved=\"2ahUKEwiE2taJ7NODAxW6gf0HHc1NBcMQ3ewLegQIBRAP\"><span class=\"Y2IQFc\" lang=\"de\">Kissenbezug aus thail\u00e4ndischer Seide. <\/span><\/li>\n<li class=\"tw-data-text tw-text-large tw-ta\" dir=\"ltr\" data-placeholder=\"Translation\" data-ved=\"2ahUKEwiE2taJ7NODAxW6gf0HHc1NBcMQ3ewLegQIBRAP\"><span class=\"Y2IQFc\" lang=\"de\">Der Kissenbezug ist burgunderrot und hat einen Rei\u00dfverschluss an der Seite. <\/span><\/li>\n<li class=\"tw-data-text tw-text-large tw-ta\" dir=\"ltr\" data-placeholder=\"Translation\" data-ved=\"2ahUKEwiE2taJ7NODAxW6gf0HHc1NBcMQ3ewLegQIBRAP\"><span class=\"Y2IQFc\" lang=\"de\">Abmessungen: 47,5 cm x 75 cm 100 % Seide <\/span><\/li>\n<\/ul>\n<p class=\"tw-data-text tw-text-large tw-ta\" dir=\"ltr\" data-placeholder=\"Translation\" data-ved=\"2ahUKEwiE2taJ7NODAxW6gf0HHc1NBcMQ3ewLegQIBRAP\"><span class=\"Y2IQFc\" lang=\"de\">Entdecken Sie den Komfort der Seidenkissenbez\u00fcge von MOONOI f\u00fcr einen tiefen und erholsamen Schlaf.<\/span><\/p>\n","protected":false},"featured_media":7711,"comment_status":"open","ping_status":"closed","template":"","meta":{"site-sidebar-layout":"default","site-content-layout":"","ast-site-content-layout":"default","site-content-style":"default","site-sidebar-style":"default","ast-global-header-display":"","ast-banner-title-visibility":"","ast-main-header-display":"","ast-hfb-above-header-display":"","ast-hfb-below-header-display":"","ast-hfb-mobile-header-display":"","site-post-title":"","ast-breadcrumbs-content":"","ast-featured-img":"","footer-sml-layout":"","ast-disable-related-posts":"","theme-transparent-header-meta":"default","adv-header-id-meta":"","stick-header-meta":"","header-above-stick-meta":"","header-main-stick-meta":"","header-below-stick-meta":"","astra-migrate-meta-layouts":"set","ast-page-background-enabled":"default","ast-page-background-meta":{"desktop":{"background-color":"","background-image":"","background-repeat":"repeat","background-position":"center center","background-size":"auto","background-attachment":"scroll","background-type":"","background-media":"","overlay-type":"","overlay-color":"","overlay-opacity":"","overlay-gradient":""},"tablet":{"background-color":"","background-image":"","background-repeat":"repeat","background-position":"center center","background-size":"auto","background-attachment":"scroll","background-type":"","background-media":"","overlay-type":"","overlay-color":"","overlay-opacity":"","overlay-gradient":""},"mobile":{"background-color":"","background-image":"","background-repeat":"repeat","background-position":"center center","background-size":"auto","background-attachment":"scroll","background-type":"","background-media":"","overlay-type":"","overlay-color":"","overlay-opacity":"","overlay-gradient":""}},"ast-content-background-meta":{"desktop":{"background-color":"var(--ast-global-color-5)","background-image":"","background-repeat":"repeat","background-position":"center center","background-size":"auto","background-attachment":"scroll","background-type":"","background-media":"","overlay-type":"","overlay-color":"","overlay-opacity":"","overlay-gradient":""},"tablet":{"background-color":"var(--ast-global-color-5)","background-image":"","background-repeat":"repeat","background-position":"center center","background-size":"auto","background-attachment":"scroll","background-type":"","background-media":"","overlay-type":"","overlay-color":"","overlay-opacity":"","overlay-gradient":""},"mobile":{"background-color":"var(--ast-global-color-5)","background-image":"","background-repeat":"repeat","background-position":"center center","background-size":"auto","background-attachment":"scroll","background-type":"","background-media":"","overlay-type":"","overlay-color":"","overlay-opacity":"","overlay-gradient":""}}},"product_brand":[],"product_cat":[46,48,39],"product_tag":[],"class_list":{"0":"post-7707","1":"product","2":"type-product","3":"status-publish","4":"has-post-thumbnail","6":"product_cat-seidenkissenbezug-47-5-x-75-cm","7":"product_cat-einfarbig","8":"product_cat-seidenkissenbezug","9":"desktop-align-left","10":"tablet-align-left","11":"mobile-align-left","13":"first","14":"outofstock","15":"shipping-taxable","16":"purchasable","17":"product-type-simple"},"yoast_head":"<!-- This site is optimized with the Yoast SEO plugin v27.4 - https:\/\/yoast.com\/product\/yoast-seo-wordpress\/ -->\n<title>Gro\u00dfer burgunderroter Seidenkissenbezug \u2013 47,5 cm x 75 cm - MOONOI DE<\/title>\n<meta name=\"description\" content=\"Burgunderroter Seidenkissenbezug, handgefertigt in Thailand, 100 % Seide. Entdecken Sie den Komfort der Seidenkissenbez\u00fcge und Seidenartikel von MOONOI\" \/>\n<meta name=\"robots\" content=\"index, follow, max-snippet:-1, max-image-preview:large, max-video-preview:-1\" \/>\n<link rel=\"canonical\" href=\"https:\/\/www.moonoi.ch\/de\/produkt\/grosser-burgunderroter-seidenkissenbezug-475-cm-x-75-cm\/\" \/>\n<meta property=\"og:locale\" content=\"de_DE\" \/>\n<meta property=\"og:type\" content=\"article\" \/>\n<meta property=\"og:title\" content=\"Gro\u00dfer burgunderroter Seidenkissenbezug \u2013 47,5 cm x 75 cm - MOONOI DE\" \/>\n<meta property=\"og:description\" content=\"Burgunderroter Seidenkissenbezug, handgefertigt in Thailand, 100 % Seide. Entdecken Sie den Komfort der Seidenkissenbez\u00fcge und Seidenartikel von MOONOI\" \/>\n<meta property=\"og:url\" content=\"https:\/\/www.moonoi.ch\/de\/produkt\/grosser-burgunderroter-seidenkissenbezug-475-cm-x-75-cm\/\" \/>\n<meta property=\"og:site_name\" content=\"MOONOI DE\" \/>\n<meta property=\"article:modified_time\" content=\"2024-12-13T16:02:21+00:00\" \/>\n<meta property=\"og:image\" content=\"https:\/\/www.moonoi.ch\/de\/wp-content\/uploads\/sites\/8\/2024\/01\/S__13475846_0.jpg\" \/>\n\t<meta property=\"og:image:width\" content=\"1478\" \/>\n\t<meta property=\"og:image:height\" content=\"1108\" \/>\n\t<meta property=\"og:image:type\" content=\"image\/jpeg\" \/>\n<meta name=\"twitter:card\" content=\"summary_large_image\" \/>\n<meta name=\"twitter:label1\" content=\"Gesch\u00e4tzte Lesezeit\" \/>\n\t<meta name=\"twitter:data1\" content=\"1\u00a0Minute\" \/>\n<script type=\"application\/ld+json\" class=\"yoast-schema-graph\">{\"@context\":\"https:\\\/\\\/schema.org\",\"@graph\":[{\"@type\":\"WebPage\",\"@id\":\"https:\\\/\\\/www.moonoi.ch\\\/de\\\/produkt\\\/grosser-burgunderroter-seidenkissenbezug-475-cm-x-75-cm\\\/\",\"url\":\"https:\\\/\\\/www.moonoi.ch\\\/de\\\/produkt\\\/grosser-burgunderroter-seidenkissenbezug-475-cm-x-75-cm\\\/\",\"name\":\"Gro\u00dfer burgunderroter Seidenkissenbezug \u2013 47,5 cm x 75 cm - MOONOI DE\",\"isPartOf\":{\"@id\":\"https:\\\/\\\/www.moonoi.ch\\\/de\\\/#website\"},\"primaryImageOfPage\":{\"@id\":\"https:\\\/\\\/www.moonoi.ch\\\/de\\\/produkt\\\/grosser-burgunderroter-seidenkissenbezug-475-cm-x-75-cm\\\/#primaryimage\"},\"image\":{\"@id\":\"https:\\\/\\\/www.moonoi.ch\\\/de\\\/produkt\\\/grosser-burgunderroter-seidenkissenbezug-475-cm-x-75-cm\\\/#primaryimage\"},\"thumbnailUrl\":\"https:\\\/\\\/www.moonoi.ch\\\/de\\\/wp-content\\\/uploads\\\/sites\\\/8\\\/2024\\\/01\\\/S__13475846_0.jpg\",\"datePublished\":\"2024-01-10T22:15:54+00:00\",\"dateModified\":\"2024-12-13T16:02:21+00:00\",\"description\":\"Burgunderroter Seidenkissenbezug, handgefertigt in Thailand, 100 % Seide. Entdecken Sie den Komfort der Seidenkissenbez\u00fcge und Seidenartikel von MOONOI\",\"breadcrumb\":{\"@id\":\"https:\\\/\\\/www.moonoi.ch\\\/de\\\/produkt\\\/grosser-burgunderroter-seidenkissenbezug-475-cm-x-75-cm\\\/#breadcrumb\"},\"inLanguage\":\"de\",\"potentialAction\":[{\"@type\":\"ReadAction\",\"target\":[\"https:\\\/\\\/www.moonoi.ch\\\/de\\\/produkt\\\/grosser-burgunderroter-seidenkissenbezug-475-cm-x-75-cm\\\/\"]}]},{\"@type\":\"ImageObject\",\"inLanguage\":\"de\",\"@id\":\"https:\\\/\\\/www.moonoi.ch\\\/de\\\/produkt\\\/grosser-burgunderroter-seidenkissenbezug-475-cm-x-75-cm\\\/#primaryimage\",\"url\":\"https:\\\/\\\/www.moonoi.ch\\\/de\\\/wp-content\\\/uploads\\\/sites\\\/8\\\/2024\\\/01\\\/S__13475846_0.jpg\",\"contentUrl\":\"https:\\\/\\\/www.moonoi.ch\\\/de\\\/wp-content\\\/uploads\\\/sites\\\/8\\\/2024\\\/01\\\/S__13475846_0.jpg\",\"width\":1478,\"height\":1108,\"caption\":\"Seidenkissenbezug\"},{\"@type\":\"BreadcrumbList\",\"@id\":\"https:\\\/\\\/www.moonoi.ch\\\/de\\\/produkt\\\/grosser-burgunderroter-seidenkissenbezug-475-cm-x-75-cm\\\/#breadcrumb\",\"itemListElement\":[{\"@type\":\"ListItem\",\"position\":1,\"name\":\"Shop\",\"item\":\"https:\\\/\\\/www.moonoi.ch\\\/de\\\/shop\\\/\"},{\"@type\":\"ListItem\",\"position\":2,\"name\":\"Gro\u00dfer burgunderroter Seidenkissenbezug \u2013 47,5 cm x 75 cm\"}]},{\"@type\":\"WebSite\",\"@id\":\"https:\\\/\\\/www.moonoi.ch\\\/de\\\/#website\",\"url\":\"https:\\\/\\\/www.moonoi.ch\\\/de\\\/\",\"name\":\"MOONOI DE\",\"description\":\"SCHWEIZER SHOP | SCHNELLE &amp; KOSTENLOSE LIEFERUNG IN DER SCHWEIZ AB CHF 50\",\"publisher\":{\"@id\":\"https:\\\/\\\/www.moonoi.ch\\\/de\\\/#organization\"},\"potentialAction\":[{\"@type\":\"SearchAction\",\"target\":{\"@type\":\"EntryPoint\",\"urlTemplate\":\"https:\\\/\\\/www.moonoi.ch\\\/de\\\/?s={search_term_string}\"},\"query-input\":{\"@type\":\"PropertyValueSpecification\",\"valueRequired\":true,\"valueName\":\"search_term_string\"}}],\"inLanguage\":\"de\"},{\"@type\":\"Organization\",\"@id\":\"https:\\\/\\\/www.moonoi.ch\\\/de\\\/#organization\",\"name\":\"MOONOI DE\",\"url\":\"https:\\\/\\\/www.moonoi.ch\\\/de\\\/\",\"logo\":{\"@type\":\"ImageObject\",\"inLanguage\":\"de\",\"@id\":\"https:\\\/\\\/www.moonoi.ch\\\/de\\\/#\\\/schema\\\/logo\\\/image\\\/\",\"url\":\"https:\\\/\\\/www.moonoi.ch\\\/de\\\/wp-content\\\/uploads\\\/sites\\\/8\\\/2019\\\/01\\\/cropped-logo-moonoi.png\",\"contentUrl\":\"https:\\\/\\\/www.moonoi.ch\\\/de\\\/wp-content\\\/uploads\\\/sites\\\/8\\\/2019\\\/01\\\/cropped-logo-moonoi.png\",\"width\":945,\"height\":865,\"caption\":\"MOONOI DE\"},\"image\":{\"@id\":\"https:\\\/\\\/www.moonoi.ch\\\/de\\\/#\\\/schema\\\/logo\\\/image\\\/\"},\"sameAs\":[\"https:\\\/\\\/www.pinterest.ch\\\/moonoi_shop\\\/\"]}]}<\/script>\n<!-- \/ Yoast SEO plugin. -->","yoast_head_json":{"title":"Gro\u00dfer burgunderroter Seidenkissenbezug \u2013 47,5 cm x 75 cm - MOONOI DE","description":"Burgunderroter Seidenkissenbezug, handgefertigt in Thailand, 100 % Seide. Entdecken Sie den Komfort der Seidenkissenbez\u00fcge und Seidenartikel von MOONOI","robots":{"index":"index","follow":"follow","max-snippet":"max-snippet:-1","max-image-preview":"max-image-preview:large","max-video-preview":"max-video-preview:-1"},"canonical":"https:\/\/www.moonoi.ch\/de\/produkt\/grosser-burgunderroter-seidenkissenbezug-475-cm-x-75-cm\/","og_locale":"de_DE","og_type":"article","og_title":"Gro\u00dfer burgunderroter Seidenkissenbezug \u2013 47,5 cm x 75 cm - MOONOI DE","og_description":"Burgunderroter Seidenkissenbezug, handgefertigt in Thailand, 100 % Seide. Entdecken Sie den Komfort der Seidenkissenbez\u00fcge und Seidenartikel von MOONOI","og_url":"https:\/\/www.moonoi.ch\/de\/produkt\/grosser-burgunderroter-seidenkissenbezug-475-cm-x-75-cm\/","og_site_name":"MOONOI DE","article_modified_time":"2024-12-13T16:02:21+00:00","og_image":[{"width":1478,"height":1108,"url":"https:\/\/www.moonoi.ch\/de\/wp-content\/uploads\/sites\/8\/2024\/01\/S__13475846_0.jpg","type":"image\/jpeg"}],"twitter_card":"summary_large_image","twitter_misc":{"Gesch\u00e4tzte Lesezeit":"1\u00a0Minute"},"schema":{"@context":"https:\/\/schema.org","@graph":[{"@type":"WebPage","@id":"https:\/\/www.moonoi.ch\/de\/produkt\/grosser-burgunderroter-seidenkissenbezug-475-cm-x-75-cm\/","url":"https:\/\/www.moonoi.ch\/de\/produkt\/grosser-burgunderroter-seidenkissenbezug-475-cm-x-75-cm\/","name":"Gro\u00dfer burgunderroter Seidenkissenbezug \u2013 47,5 cm x 75 cm - MOONOI DE","isPartOf":{"@id":"https:\/\/www.moonoi.ch\/de\/#website"},"primaryImageOfPage":{"@id":"https:\/\/www.moonoi.ch\/de\/produkt\/grosser-burgunderroter-seidenkissenbezug-475-cm-x-75-cm\/#primaryimage"},"image":{"@id":"https:\/\/www.moonoi.ch\/de\/produkt\/grosser-burgunderroter-seidenkissenbezug-475-cm-x-75-cm\/#primaryimage"},"thumbnailUrl":"https:\/\/www.moonoi.ch\/de\/wp-content\/uploads\/sites\/8\/2024\/01\/S__13475846_0.jpg","datePublished":"2024-01-10T22:15:54+00:00","dateModified":"2024-12-13T16:02:21+00:00","description":"Burgunderroter Seidenkissenbezug, handgefertigt in Thailand, 100 % Seide. Entdecken Sie den Komfort der Seidenkissenbez\u00fcge und Seidenartikel von MOONOI","breadcrumb":{"@id":"https:\/\/www.moonoi.ch\/de\/produkt\/grosser-burgunderroter-seidenkissenbezug-475-cm-x-75-cm\/#breadcrumb"},"inLanguage":"de","potentialAction":[{"@type":"ReadAction","target":["https:\/\/www.moonoi.ch\/de\/produkt\/grosser-burgunderroter-seidenkissenbezug-475-cm-x-75-cm\/"]}]},{"@type":"ImageObject","inLanguage":"de","@id":"https:\/\/www.moonoi.ch\/de\/produkt\/grosser-burgunderroter-seidenkissenbezug-475-cm-x-75-cm\/#primaryimage","url":"https:\/\/www.moonoi.ch\/de\/wp-content\/uploads\/sites\/8\/2024\/01\/S__13475846_0.jpg","contentUrl":"https:\/\/www.moonoi.ch\/de\/wp-content\/uploads\/sites\/8\/2024\/01\/S__13475846_0.jpg","width":1478,"height":1108,"caption":"Seidenkissenbezug"},{"@type":"BreadcrumbList","@id":"https:\/\/www.moonoi.ch\/de\/produkt\/grosser-burgunderroter-seidenkissenbezug-475-cm-x-75-cm\/#breadcrumb","itemListElement":[{"@type":"ListItem","position":1,"name":"Shop","item":"https:\/\/www.moonoi.ch\/de\/shop\/"},{"@type":"ListItem","position":2,"name":"Gro\u00dfer burgunderroter Seidenkissenbezug \u2013 47,5 cm x 75 cm"}]},{"@type":"WebSite","@id":"https:\/\/www.moonoi.ch\/de\/#website","url":"https:\/\/www.moonoi.ch\/de\/","name":"MOONOI DE","description":"SCHWEIZER SHOP | SCHNELLE &amp; KOSTENLOSE LIEFERUNG IN DER SCHWEIZ AB CHF 50","publisher":{"@id":"https:\/\/www.moonoi.ch\/de\/#organization"},"potentialAction":[{"@type":"SearchAction","target":{"@type":"EntryPoint","urlTemplate":"https:\/\/www.moonoi.ch\/de\/?s={search_term_string}"},"query-input":{"@type":"PropertyValueSpecification","valueRequired":true,"valueName":"search_term_string"}}],"inLanguage":"de"},{"@type":"Organization","@id":"https:\/\/www.moonoi.ch\/de\/#organization","name":"MOONOI DE","url":"https:\/\/www.moonoi.ch\/de\/","logo":{"@type":"ImageObject","inLanguage":"de","@id":"https:\/\/www.moonoi.ch\/de\/#\/schema\/logo\/image\/","url":"https:\/\/www.moonoi.ch\/de\/wp-content\/uploads\/sites\/8\/2019\/01\/cropped-logo-moonoi.png","contentUrl":"https:\/\/www.moonoi.ch\/de\/wp-content\/uploads\/sites\/8\/2019\/01\/cropped-logo-moonoi.png","width":945,"height":865,"caption":"MOONOI DE"},"image":{"@id":"https:\/\/www.moonoi.ch\/de\/#\/schema\/logo\/image\/"},"sameAs":["https:\/\/www.pinterest.ch\/moonoi_shop\/"]}]}},"_links":{"self":[{"href":"https:\/\/www.moonoi.ch\/de\/wp-json\/wp\/v2\/product\/7707","targetHints":{"allow":["GET"]}}],"collection":[{"href":"https:\/\/www.moonoi.ch\/de\/wp-json\/wp\/v2\/product"}],"about":[{"href":"https:\/\/www.moonoi.ch\/de\/wp-json\/wp\/v2\/types\/product"}],"replies":[{"embeddable":true,"href":"https:\/\/www.moonoi.ch\/de\/wp-json\/wp\/v2\/comments?post=7707"}],"wp:featuredmedia":[{"embeddable":true,"href":"https:\/\/www.moonoi.ch\/de\/wp-json\/wp\/v2\/media\/7711"}],"wp:attachment":[{"href":"https:\/\/www.moonoi.ch\/de\/wp-json\/wp\/v2\/media?parent=7707"}],"wp:term":[{"taxonomy":"product_brand","embeddable":true,"href":"https:\/\/www.moonoi.ch\/de\/wp-json\/wp\/v2\/product_brand?post=7707"},{"taxonomy":"product_cat","embeddable":true,"href":"https:\/\/www.moonoi.ch\/de\/wp-json\/wp\/v2\/product_cat?post=7707"},{"taxonomy":"product_tag","embeddable":true,"href":"https:\/\/www.moonoi.ch\/de\/wp-json\/wp\/v2\/product_tag?post=7707"}],"curies":[{"name":"wp","href":"https:\/\/api.w.org\/{rel}","templated":true}]}}