{"id":6895,"date":"2023-09-04T17:15:41","date_gmt":"2023-09-04T17:15:41","guid":{"rendered":"https:\/\/www.moonoi.ch\/de\/?post_type=product&#038;p=6895"},"modified":"2024-11-11T21:58:16","modified_gmt":"2024-11-11T21:58:16","slug":"rosafarbener-quadratischer-seidenkissenbezug-65-cm-x-65-cm","status":"publish","type":"product","link":"https:\/\/www.moonoi.ch\/de\/produkt\/rosafarbener-quadratischer-seidenkissenbezug-65-cm-x-65-cm\/","title":{"rendered":"Rosafarbener quadratischer Seidenkissenbezug \u2013 65 cm x 65 cm"},"content":{"rendered":"<p>Seidenkissenbezug, handgefertigt in Thailand aus reiner Seide.<\/p>\n<p>Gr\u00f6sse: 65 cm x 65 cm<\/p>\n<p>Dieser rosafarbene quadratische Seide Kissenbezug wird Ihre Schlafzimmerbettw\u00e4sche stilvoll erg\u00e4nzen.<\/p>\n<p>Die Eigenschaften von Seide machen sie zu einem idealen Material f\u00fcr einen Kissenbezug. Die weiche und glatte Textur der Seide minimiert die Reibung auf Ihrer Haut, was langfristig dazu beitr\u00e4gt, der Entstehung von Falten vorzubeugen. Dar\u00fcber hinaus verursacht Seide keine statische Elektrizit\u00e4t, wodurch verhindert wird, dass Ihre Haare beim Aufwachen zu sehr verfilzt werden. Schlie\u00dflich verf\u00fcgt ein Kissenbezug aus Seide \u00fcber thermoregulierende Eigenschaften, die f\u00fcr ein k\u00fchles und angenehmes Gef\u00fchl auf der Haut sorgen und so einen guten Schlaf f\u00f6rdern.<\/p>\n<p>Entdecken Sie die faszinierende Welt der Seide mit den Seidenartikeln von MOONOI<\/p>\n","protected":false},"excerpt":{"rendered":"<ul>\n<li>Kissenbezug aus thail\u00e4ndischer Seide. Der Kissenbezug ist rosa und wird mit einem Rei\u00dfverschluss an der Seite geschlossen.<\/li>\n<li>Gr\u00f6sse: 65 cm x 65 cm<\/li>\n<li>100 % Seide<\/li>\n<\/ul>\n<p>Entdecken Sie den Komfort der Seidenkissenbez\u00fcge von MOONOI f\u00fcr einen tiefen und erholsamen Schlaf.<\/p>\n","protected":false},"featured_media":10085,"comment_status":"open","ping_status":"closed","template":"","meta":{"site-sidebar-layout":"default","site-content-layout":"","ast-site-content-layout":"default","site-content-style":"default","site-sidebar-style":"default","ast-global-header-display":"","ast-banner-title-visibility":"","ast-main-header-display":"","ast-hfb-above-header-display":"","ast-hfb-below-header-display":"","ast-hfb-mobile-header-display":"","site-post-title":"","ast-breadcrumbs-content":"","ast-featured-img":"","footer-sml-layout":"","ast-disable-related-posts":"","theme-transparent-header-meta":"default","adv-header-id-meta":"","stick-header-meta":"","header-above-stick-meta":"","header-main-stick-meta":"","header-below-stick-meta":"","astra-migrate-meta-layouts":"set","ast-page-background-enabled":"default","ast-page-background-meta":{"desktop":{"background-color":"","background-image":"","background-repeat":"repeat","background-position":"center center","background-size":"auto","background-attachment":"scroll","background-type":"","background-media":"","overlay-type":"","overlay-color":"","overlay-opacity":"","overlay-gradient":""},"tablet":{"background-color":"","background-image":"","background-repeat":"repeat","background-position":"center center","background-size":"auto","background-attachment":"scroll","background-type":"","background-media":"","overlay-type":"","overlay-color":"","overlay-opacity":"","overlay-gradient":""},"mobile":{"background-color":"","background-image":"","background-repeat":"repeat","background-position":"center center","background-size":"auto","background-attachment":"scroll","background-type":"","background-media":"","overlay-type":"","overlay-color":"","overlay-opacity":"","overlay-gradient":""}},"ast-content-background-meta":{"desktop":{"background-color":"var(--ast-global-color-5)","background-image":"","background-repeat":"repeat","background-position":"center center","background-size":"auto","background-attachment":"scroll","background-type":"","background-media":"","overlay-type":"","overlay-color":"","overlay-opacity":"","overlay-gradient":""},"tablet":{"background-color":"var(--ast-global-color-5)","background-image":"","background-repeat":"repeat","background-position":"center center","background-size":"auto","background-attachment":"scroll","background-type":"","background-media":"","overlay-type":"","overlay-color":"","overlay-opacity":"","overlay-gradient":""},"mobile":{"background-color":"var(--ast-global-color-5)","background-image":"","background-repeat":"repeat","background-position":"center center","background-size":"auto","background-attachment":"scroll","background-type":"","background-media":"","overlay-type":"","overlay-color":"","overlay-opacity":"","overlay-gradient":""}}},"product_brand":[],"product_cat":[47,48,39],"product_tag":[42,41],"class_list":{"0":"post-6895","1":"product","2":"type-product","3":"status-publish","4":"has-post-thumbnail","6":"product_cat-seidenkissenbezug-65-x-65-cm","7":"product_cat-einfarbig","8":"product_cat-seidenkissenbezug","9":"product_tag-seide-kissenbezug","10":"product_tag-seidenkissenbezug","11":"desktop-align-left","12":"tablet-align-left","13":"mobile-align-left","15":"first","16":"instock","17":"shipping-taxable","18":"purchasable","19":"product-type-simple"},"yoast_head":"<!-- This site is optimized with the Yoast SEO plugin v27.4 - https:\/\/yoast.com\/product\/yoast-seo-wordpress\/ -->\n<title>Rosafarbener quadratischer Seidenkissenbezug \u2013 65 cm x 65 cm - MOONOI DE<\/title>\n<meta name=\"description\" content=\"Quadratischer Kissenbezug aus rosa Seide, handgefertigt aus reiner Seide aus Thailand. Entdecken Sie Seidenkissenbez\u00fcge und Seidenartikel von MOONOI\" \/>\n<meta name=\"robots\" content=\"index, follow, max-snippet:-1, max-image-preview:large, max-video-preview:-1\" \/>\n<link rel=\"canonical\" href=\"https:\/\/www.moonoi.ch\/de\/produkt\/rosafarbener-quadratischer-seidenkissenbezug-65-cm-x-65-cm\/\" \/>\n<meta property=\"og:locale\" content=\"de_DE\" \/>\n<meta property=\"og:type\" content=\"article\" \/>\n<meta property=\"og:title\" content=\"Rosafarbener quadratischer Seidenkissenbezug \u2013 65 cm x 65 cm - MOONOI DE\" \/>\n<meta property=\"og:description\" content=\"Quadratischer Kissenbezug aus rosa Seide, handgefertigt aus reiner Seide aus Thailand. Entdecken Sie Seidenkissenbez\u00fcge und Seidenartikel von MOONOI\" \/>\n<meta property=\"og:url\" content=\"https:\/\/www.moonoi.ch\/de\/produkt\/rosafarbener-quadratischer-seidenkissenbezug-65-cm-x-65-cm\/\" \/>\n<meta property=\"og:site_name\" content=\"MOONOI DE\" \/>\n<meta property=\"article:modified_time\" content=\"2024-11-11T21:58:16+00:00\" \/>\n<meta property=\"og:image\" content=\"https:\/\/www.moonoi.ch\/de\/wp-content\/uploads\/sites\/8\/2023\/09\/S__16441365_0.jpg\" \/>\n\t<meta property=\"og:image:width\" content=\"1266\" \/>\n\t<meta property=\"og:image:height\" content=\"1294\" \/>\n\t<meta property=\"og:image:type\" content=\"image\/jpeg\" \/>\n<meta name=\"twitter:card\" content=\"summary_large_image\" \/>\n<meta name=\"twitter:label1\" content=\"Gesch\u00e4tzte Lesezeit\" \/>\n\t<meta name=\"twitter:data1\" content=\"1\u00a0Minute\" \/>\n<script type=\"application\/ld+json\" class=\"yoast-schema-graph\">{\"@context\":\"https:\\\/\\\/schema.org\",\"@graph\":[{\"@type\":\"WebPage\",\"@id\":\"https:\\\/\\\/www.moonoi.ch\\\/de\\\/produkt\\\/rosafarbener-quadratischer-seidenkissenbezug-65-cm-x-65-cm\\\/\",\"url\":\"https:\\\/\\\/www.moonoi.ch\\\/de\\\/produkt\\\/rosafarbener-quadratischer-seidenkissenbezug-65-cm-x-65-cm\\\/\",\"name\":\"Rosafarbener quadratischer Seidenkissenbezug \u2013 65 cm x 65 cm - MOONOI DE\",\"isPartOf\":{\"@id\":\"https:\\\/\\\/www.moonoi.ch\\\/de\\\/#website\"},\"primaryImageOfPage\":{\"@id\":\"https:\\\/\\\/www.moonoi.ch\\\/de\\\/produkt\\\/rosafarbener-quadratischer-seidenkissenbezug-65-cm-x-65-cm\\\/#primaryimage\"},\"image\":{\"@id\":\"https:\\\/\\\/www.moonoi.ch\\\/de\\\/produkt\\\/rosafarbener-quadratischer-seidenkissenbezug-65-cm-x-65-cm\\\/#primaryimage\"},\"thumbnailUrl\":\"https:\\\/\\\/www.moonoi.ch\\\/de\\\/wp-content\\\/uploads\\\/sites\\\/8\\\/2023\\\/09\\\/S__16441365_0.jpg\",\"datePublished\":\"2023-09-04T17:15:41+00:00\",\"dateModified\":\"2024-11-11T21:58:16+00:00\",\"description\":\"Quadratischer Kissenbezug aus rosa Seide, handgefertigt aus reiner Seide aus Thailand. Entdecken Sie Seidenkissenbez\u00fcge und Seidenartikel von MOONOI\",\"breadcrumb\":{\"@id\":\"https:\\\/\\\/www.moonoi.ch\\\/de\\\/produkt\\\/rosafarbener-quadratischer-seidenkissenbezug-65-cm-x-65-cm\\\/#breadcrumb\"},\"inLanguage\":\"de\",\"potentialAction\":[{\"@type\":\"ReadAction\",\"target\":[\"https:\\\/\\\/www.moonoi.ch\\\/de\\\/produkt\\\/rosafarbener-quadratischer-seidenkissenbezug-65-cm-x-65-cm\\\/\"]}]},{\"@type\":\"ImageObject\",\"inLanguage\":\"de\",\"@id\":\"https:\\\/\\\/www.moonoi.ch\\\/de\\\/produkt\\\/rosafarbener-quadratischer-seidenkissenbezug-65-cm-x-65-cm\\\/#primaryimage\",\"url\":\"https:\\\/\\\/www.moonoi.ch\\\/de\\\/wp-content\\\/uploads\\\/sites\\\/8\\\/2023\\\/09\\\/S__16441365_0.jpg\",\"contentUrl\":\"https:\\\/\\\/www.moonoi.ch\\\/de\\\/wp-content\\\/uploads\\\/sites\\\/8\\\/2023\\\/09\\\/S__16441365_0.jpg\",\"width\":1266,\"height\":1294,\"caption\":\"Seidenkissenbezug 65x65\"},{\"@type\":\"BreadcrumbList\",\"@id\":\"https:\\\/\\\/www.moonoi.ch\\\/de\\\/produkt\\\/rosafarbener-quadratischer-seidenkissenbezug-65-cm-x-65-cm\\\/#breadcrumb\",\"itemListElement\":[{\"@type\":\"ListItem\",\"position\":1,\"name\":\"Shop\",\"item\":\"https:\\\/\\\/www.moonoi.ch\\\/de\\\/shop\\\/\"},{\"@type\":\"ListItem\",\"position\":2,\"name\":\"Rosafarbener quadratischer Seidenkissenbezug \u2013 65 cm x 65 cm\"}]},{\"@type\":\"WebSite\",\"@id\":\"https:\\\/\\\/www.moonoi.ch\\\/de\\\/#website\",\"url\":\"https:\\\/\\\/www.moonoi.ch\\\/de\\\/\",\"name\":\"MOONOI DE\",\"description\":\"SCHWEIZER SHOP | SCHNELLE &amp; KOSTENLOSE LIEFERUNG IN DER SCHWEIZ AB CHF 50\",\"publisher\":{\"@id\":\"https:\\\/\\\/www.moonoi.ch\\\/de\\\/#organization\"},\"potentialAction\":[{\"@type\":\"SearchAction\",\"target\":{\"@type\":\"EntryPoint\",\"urlTemplate\":\"https:\\\/\\\/www.moonoi.ch\\\/de\\\/?s={search_term_string}\"},\"query-input\":{\"@type\":\"PropertyValueSpecification\",\"valueRequired\":true,\"valueName\":\"search_term_string\"}}],\"inLanguage\":\"de\"},{\"@type\":\"Organization\",\"@id\":\"https:\\\/\\\/www.moonoi.ch\\\/de\\\/#organization\",\"name\":\"MOONOI DE\",\"url\":\"https:\\\/\\\/www.moonoi.ch\\\/de\\\/\",\"logo\":{\"@type\":\"ImageObject\",\"inLanguage\":\"de\",\"@id\":\"https:\\\/\\\/www.moonoi.ch\\\/de\\\/#\\\/schema\\\/logo\\\/image\\\/\",\"url\":\"https:\\\/\\\/www.moonoi.ch\\\/de\\\/wp-content\\\/uploads\\\/sites\\\/8\\\/2019\\\/01\\\/cropped-logo-moonoi.png\",\"contentUrl\":\"https:\\\/\\\/www.moonoi.ch\\\/de\\\/wp-content\\\/uploads\\\/sites\\\/8\\\/2019\\\/01\\\/cropped-logo-moonoi.png\",\"width\":945,\"height\":865,\"caption\":\"MOONOI DE\"},\"image\":{\"@id\":\"https:\\\/\\\/www.moonoi.ch\\\/de\\\/#\\\/schema\\\/logo\\\/image\\\/\"},\"sameAs\":[\"https:\\\/\\\/www.pinterest.ch\\\/moonoi_shop\\\/\"]}]}<\/script>\n<!-- \/ Yoast SEO plugin. -->","yoast_head_json":{"title":"Rosafarbener quadratischer Seidenkissenbezug \u2013 65 cm x 65 cm - MOONOI DE","description":"Quadratischer Kissenbezug aus rosa Seide, handgefertigt aus reiner Seide aus Thailand. Entdecken Sie Seidenkissenbez\u00fcge und Seidenartikel von MOONOI","robots":{"index":"index","follow":"follow","max-snippet":"max-snippet:-1","max-image-preview":"max-image-preview:large","max-video-preview":"max-video-preview:-1"},"canonical":"https:\/\/www.moonoi.ch\/de\/produkt\/rosafarbener-quadratischer-seidenkissenbezug-65-cm-x-65-cm\/","og_locale":"de_DE","og_type":"article","og_title":"Rosafarbener quadratischer Seidenkissenbezug \u2013 65 cm x 65 cm - MOONOI DE","og_description":"Quadratischer Kissenbezug aus rosa Seide, handgefertigt aus reiner Seide aus Thailand. Entdecken Sie Seidenkissenbez\u00fcge und Seidenartikel von MOONOI","og_url":"https:\/\/www.moonoi.ch\/de\/produkt\/rosafarbener-quadratischer-seidenkissenbezug-65-cm-x-65-cm\/","og_site_name":"MOONOI DE","article_modified_time":"2024-11-11T21:58:16+00:00","og_image":[{"width":1266,"height":1294,"url":"https:\/\/www.moonoi.ch\/de\/wp-content\/uploads\/sites\/8\/2023\/09\/S__16441365_0.jpg","type":"image\/jpeg"}],"twitter_card":"summary_large_image","twitter_misc":{"Gesch\u00e4tzte Lesezeit":"1\u00a0Minute"},"schema":{"@context":"https:\/\/schema.org","@graph":[{"@type":"WebPage","@id":"https:\/\/www.moonoi.ch\/de\/produkt\/rosafarbener-quadratischer-seidenkissenbezug-65-cm-x-65-cm\/","url":"https:\/\/www.moonoi.ch\/de\/produkt\/rosafarbener-quadratischer-seidenkissenbezug-65-cm-x-65-cm\/","name":"Rosafarbener quadratischer Seidenkissenbezug \u2013 65 cm x 65 cm - MOONOI DE","isPartOf":{"@id":"https:\/\/www.moonoi.ch\/de\/#website"},"primaryImageOfPage":{"@id":"https:\/\/www.moonoi.ch\/de\/produkt\/rosafarbener-quadratischer-seidenkissenbezug-65-cm-x-65-cm\/#primaryimage"},"image":{"@id":"https:\/\/www.moonoi.ch\/de\/produkt\/rosafarbener-quadratischer-seidenkissenbezug-65-cm-x-65-cm\/#primaryimage"},"thumbnailUrl":"https:\/\/www.moonoi.ch\/de\/wp-content\/uploads\/sites\/8\/2023\/09\/S__16441365_0.jpg","datePublished":"2023-09-04T17:15:41+00:00","dateModified":"2024-11-11T21:58:16+00:00","description":"Quadratischer Kissenbezug aus rosa Seide, handgefertigt aus reiner Seide aus Thailand. Entdecken Sie Seidenkissenbez\u00fcge und Seidenartikel von MOONOI","breadcrumb":{"@id":"https:\/\/www.moonoi.ch\/de\/produkt\/rosafarbener-quadratischer-seidenkissenbezug-65-cm-x-65-cm\/#breadcrumb"},"inLanguage":"de","potentialAction":[{"@type":"ReadAction","target":["https:\/\/www.moonoi.ch\/de\/produkt\/rosafarbener-quadratischer-seidenkissenbezug-65-cm-x-65-cm\/"]}]},{"@type":"ImageObject","inLanguage":"de","@id":"https:\/\/www.moonoi.ch\/de\/produkt\/rosafarbener-quadratischer-seidenkissenbezug-65-cm-x-65-cm\/#primaryimage","url":"https:\/\/www.moonoi.ch\/de\/wp-content\/uploads\/sites\/8\/2023\/09\/S__16441365_0.jpg","contentUrl":"https:\/\/www.moonoi.ch\/de\/wp-content\/uploads\/sites\/8\/2023\/09\/S__16441365_0.jpg","width":1266,"height":1294,"caption":"Seidenkissenbezug 65x65"},{"@type":"BreadcrumbList","@id":"https:\/\/www.moonoi.ch\/de\/produkt\/rosafarbener-quadratischer-seidenkissenbezug-65-cm-x-65-cm\/#breadcrumb","itemListElement":[{"@type":"ListItem","position":1,"name":"Shop","item":"https:\/\/www.moonoi.ch\/de\/shop\/"},{"@type":"ListItem","position":2,"name":"Rosafarbener quadratischer Seidenkissenbezug \u2013 65 cm x 65 cm"}]},{"@type":"WebSite","@id":"https:\/\/www.moonoi.ch\/de\/#website","url":"https:\/\/www.moonoi.ch\/de\/","name":"MOONOI DE","description":"SCHWEIZER SHOP | SCHNELLE &amp; KOSTENLOSE LIEFERUNG IN DER SCHWEIZ AB CHF 50","publisher":{"@id":"https:\/\/www.moonoi.ch\/de\/#organization"},"potentialAction":[{"@type":"SearchAction","target":{"@type":"EntryPoint","urlTemplate":"https:\/\/www.moonoi.ch\/de\/?s={search_term_string}"},"query-input":{"@type":"PropertyValueSpecification","valueRequired":true,"valueName":"search_term_string"}}],"inLanguage":"de"},{"@type":"Organization","@id":"https:\/\/www.moonoi.ch\/de\/#organization","name":"MOONOI DE","url":"https:\/\/www.moonoi.ch\/de\/","logo":{"@type":"ImageObject","inLanguage":"de","@id":"https:\/\/www.moonoi.ch\/de\/#\/schema\/logo\/image\/","url":"https:\/\/www.moonoi.ch\/de\/wp-content\/uploads\/sites\/8\/2019\/01\/cropped-logo-moonoi.png","contentUrl":"https:\/\/www.moonoi.ch\/de\/wp-content\/uploads\/sites\/8\/2019\/01\/cropped-logo-moonoi.png","width":945,"height":865,"caption":"MOONOI DE"},"image":{"@id":"https:\/\/www.moonoi.ch\/de\/#\/schema\/logo\/image\/"},"sameAs":["https:\/\/www.pinterest.ch\/moonoi_shop\/"]}]}},"_links":{"self":[{"href":"https:\/\/www.moonoi.ch\/de\/wp-json\/wp\/v2\/product\/6895","targetHints":{"allow":["GET"]}}],"collection":[{"href":"https:\/\/www.moonoi.ch\/de\/wp-json\/wp\/v2\/product"}],"about":[{"href":"https:\/\/www.moonoi.ch\/de\/wp-json\/wp\/v2\/types\/product"}],"replies":[{"embeddable":true,"href":"https:\/\/www.moonoi.ch\/de\/wp-json\/wp\/v2\/comments?post=6895"}],"wp:featuredmedia":[{"embeddable":true,"href":"https:\/\/www.moonoi.ch\/de\/wp-json\/wp\/v2\/media\/10085"}],"wp:attachment":[{"href":"https:\/\/www.moonoi.ch\/de\/wp-json\/wp\/v2\/media?parent=6895"}],"wp:term":[{"taxonomy":"product_brand","embeddable":true,"href":"https:\/\/www.moonoi.ch\/de\/wp-json\/wp\/v2\/product_brand?post=6895"},{"taxonomy":"product_cat","embeddable":true,"href":"https:\/\/www.moonoi.ch\/de\/wp-json\/wp\/v2\/product_cat?post=6895"},{"taxonomy":"product_tag","embeddable":true,"href":"https:\/\/www.moonoi.ch\/de\/wp-json\/wp\/v2\/product_tag?post=6895"}],"curies":[{"name":"wp","href":"https:\/\/api.w.org\/{rel}","templated":true}]}}