{"id":6799,"date":"2023-08-30T09:11:55","date_gmt":"2023-08-30T09:11:55","guid":{"rendered":"https:\/\/www.moonoi.ch\/de\/?post_type=product&#038;p=6799"},"modified":"2025-03-23T20:42:40","modified_gmt":"2025-03-23T20:42:40","slug":"seidenkissenbezug","status":"publish","type":"product","link":"https:\/\/www.moonoi.ch\/de\/produkt\/seidenkissenbezug\/","title":{"rendered":"Gro\u00dfer purpur Seidenkissenbezug \u2013 47,5 cm x 75 cm"},"content":{"rendered":"<p>Seidenkissenbezug, handgefertigt in Thailand, 100 % Seide.<\/p>\n<p>Gr\u00f6sse: 47,5 cm x 75 cm<\/p>\n<p>Dieser purpur Seide Kissenbezug verleiht Ihrem Schlafzimmer oder Wohnzimmer einen luxuri\u00f6sen Look.<\/p>\n<p>Aufgrund seiner Eigenschaften ist Seide ein besonders geeignetes Material f\u00fcr einen Kissenbezug. Die weiche und glatte Textur der Seide minimiert die Reibung auf Ihrer Haut, was langfristig dazu beitr\u00e4gt, der Entstehung von Falten vorzubeugen. Dar\u00fcber hinaus verursacht Seide keine statische Elektrizit\u00e4t, wodurch verhindert wird, dass Ihre Haare beim Aufwachen zu sehr verfilzt werden. Schlie\u00dflich verf\u00fcgt ein Kissenbezug aus Seide \u00fcber thermoregulierende Eigenschaften, die f\u00fcr ein k\u00fchles und angenehmes Gef\u00fchl auf der Haut sorgen und so einen guten Schlaf f\u00f6rdern.<\/p>\n<p>Entdecken Sie die faszinierende Welt der Seide mit den Seidenartikeln von MOONOI<\/p>\n","protected":false},"excerpt":{"rendered":"<ul>\n<li>Kissenbezug aus thail\u00e4ndischer Seide. Der Seidenkissenbezug ist purpur und hat einen seitlichen Rei\u00dfverschluss.<\/li>\n<li>Abmessungen: 47,5 cm x 75 cm<\/li>\n<li>100 % Seide<\/li>\n<\/ul>\n<p>Entdecken Sie den Komfort der Seidenkissenbez\u00fcge von MOONOI f\u00fcr einen tiefen und erholsamen Schlaf.<\/p>\n","protected":false},"featured_media":6801,"comment_status":"open","ping_status":"closed","template":"","meta":{"site-sidebar-layout":"default","site-content-layout":"","ast-site-content-layout":"default","site-content-style":"default","site-sidebar-style":"default","ast-global-header-display":"","ast-banner-title-visibility":"","ast-main-header-display":"","ast-hfb-above-header-display":"","ast-hfb-below-header-display":"","ast-hfb-mobile-header-display":"","site-post-title":"","ast-breadcrumbs-content":"","ast-featured-img":"","footer-sml-layout":"","ast-disable-related-posts":"","theme-transparent-header-meta":"default","adv-header-id-meta":"","stick-header-meta":"","header-above-stick-meta":"","header-main-stick-meta":"","header-below-stick-meta":"","astra-migrate-meta-layouts":"set","ast-page-background-enabled":"default","ast-page-background-meta":{"desktop":{"background-color":"","background-image":"","background-repeat":"repeat","background-position":"center center","background-size":"auto","background-attachment":"scroll","background-type":"","background-media":"","overlay-type":"","overlay-color":"","overlay-opacity":"","overlay-gradient":""},"tablet":{"background-color":"","background-image":"","background-repeat":"repeat","background-position":"center center","background-size":"auto","background-attachment":"scroll","background-type":"","background-media":"","overlay-type":"","overlay-color":"","overlay-opacity":"","overlay-gradient":""},"mobile":{"background-color":"","background-image":"","background-repeat":"repeat","background-position":"center center","background-size":"auto","background-attachment":"scroll","background-type":"","background-media":"","overlay-type":"","overlay-color":"","overlay-opacity":"","overlay-gradient":""}},"ast-content-background-meta":{"desktop":{"background-color":"var(--ast-global-color-5)","background-image":"","background-repeat":"repeat","background-position":"center center","background-size":"auto","background-attachment":"scroll","background-type":"","background-media":"","overlay-type":"","overlay-color":"","overlay-opacity":"","overlay-gradient":""},"tablet":{"background-color":"var(--ast-global-color-5)","background-image":"","background-repeat":"repeat","background-position":"center center","background-size":"auto","background-attachment":"scroll","background-type":"","background-media":"","overlay-type":"","overlay-color":"","overlay-opacity":"","overlay-gradient":""},"mobile":{"background-color":"var(--ast-global-color-5)","background-image":"","background-repeat":"repeat","background-position":"center center","background-size":"auto","background-attachment":"scroll","background-type":"","background-media":"","overlay-type":"","overlay-color":"","overlay-opacity":"","overlay-gradient":""}}},"product_brand":[],"product_cat":[46,48,39],"product_tag":[42,41],"class_list":{"0":"post-6799","1":"product","2":"type-product","3":"status-publish","4":"has-post-thumbnail","6":"product_cat-seidenkissenbezug-47-5-x-75-cm","7":"product_cat-einfarbig","8":"product_cat-seidenkissenbezug","9":"product_tag-seide-kissenbezug","10":"product_tag-seidenkissenbezug","11":"desktop-align-left","12":"tablet-align-left","13":"mobile-align-left","15":"first","16":"outofstock","17":"shipping-taxable","18":"purchasable","19":"product-type-simple"},"yoast_head":"<!-- This site is optimized with the Yoast SEO plugin v27.4 - https:\/\/yoast.com\/product\/yoast-seo-wordpress\/ -->\n<title>Gro\u00dfer purpur Seidenkissenbezug \u2013 47,5 cm x 75 cm<\/title>\n<meta name=\"description\" content=\"Purpurfarbener Seidenkissenbezug, handgefertigt aus reiner Seide aus Thailand. Entdecken Sie den Komfort der Seidenkissenbez\u00fcge und Seidenartikel von MOONOI\" \/>\n<meta name=\"robots\" content=\"index, follow, max-snippet:-1, max-image-preview:large, max-video-preview:-1\" \/>\n<link rel=\"canonical\" href=\"https:\/\/www.moonoi.ch\/de\/produkt\/seidenkissenbezug\/\" \/>\n<meta property=\"og:locale\" content=\"de_DE\" \/>\n<meta property=\"og:type\" content=\"article\" \/>\n<meta property=\"og:title\" content=\"Gro\u00dfer purpur Seidenkissenbezug \u2013 47,5 cm x 75 cm\" \/>\n<meta property=\"og:description\" content=\"Purpurfarbener Seidenkissenbezug, handgefertigt aus reiner Seide aus Thailand. Entdecken Sie den Komfort der Seidenkissenbez\u00fcge und Seidenartikel von MOONOI\" \/>\n<meta property=\"og:url\" content=\"https:\/\/www.moonoi.ch\/de\/produkt\/seidenkissenbezug\/\" \/>\n<meta property=\"og:site_name\" content=\"MOONOI DE\" \/>\n<meta property=\"article:modified_time\" content=\"2025-03-23T20:42:40+00:00\" \/>\n<meta property=\"og:image\" content=\"https:\/\/www.moonoi.ch\/de\/wp-content\/uploads\/sites\/8\/2023\/08\/S__12247060_0.jpg\" \/>\n\t<meta property=\"og:image:width\" content=\"1479\" \/>\n\t<meta property=\"og:image:height\" content=\"1109\" \/>\n\t<meta property=\"og:image:type\" content=\"image\/jpeg\" \/>\n<meta name=\"twitter:card\" content=\"summary_large_image\" \/>\n<meta name=\"twitter:label1\" content=\"Gesch\u00e4tzte Lesezeit\" \/>\n\t<meta name=\"twitter:data1\" content=\"1\u00a0Minute\" \/>\n<script type=\"application\/ld+json\" class=\"yoast-schema-graph\">{\"@context\":\"https:\\\/\\\/schema.org\",\"@graph\":[{\"@type\":\"WebPage\",\"@id\":\"https:\\\/\\\/www.moonoi.ch\\\/de\\\/produkt\\\/seidenkissenbezug\\\/\",\"url\":\"https:\\\/\\\/www.moonoi.ch\\\/de\\\/produkt\\\/seidenkissenbezug\\\/\",\"name\":\"Gro\u00dfer purpur Seidenkissenbezug \u2013 47,5 cm x 75 cm\",\"isPartOf\":{\"@id\":\"https:\\\/\\\/www.moonoi.ch\\\/de\\\/#website\"},\"primaryImageOfPage\":{\"@id\":\"https:\\\/\\\/www.moonoi.ch\\\/de\\\/produkt\\\/seidenkissenbezug\\\/#primaryimage\"},\"image\":{\"@id\":\"https:\\\/\\\/www.moonoi.ch\\\/de\\\/produkt\\\/seidenkissenbezug\\\/#primaryimage\"},\"thumbnailUrl\":\"https:\\\/\\\/www.moonoi.ch\\\/de\\\/wp-content\\\/uploads\\\/sites\\\/8\\\/2023\\\/08\\\/S__12247060_0.jpg\",\"datePublished\":\"2023-08-30T09:11:55+00:00\",\"dateModified\":\"2025-03-23T20:42:40+00:00\",\"description\":\"Purpurfarbener Seidenkissenbezug, handgefertigt aus reiner Seide aus Thailand. Entdecken Sie den Komfort der Seidenkissenbez\u00fcge und Seidenartikel von MOONOI\",\"breadcrumb\":{\"@id\":\"https:\\\/\\\/www.moonoi.ch\\\/de\\\/produkt\\\/seidenkissenbezug\\\/#breadcrumb\"},\"inLanguage\":\"de\",\"potentialAction\":[{\"@type\":\"ReadAction\",\"target\":[\"https:\\\/\\\/www.moonoi.ch\\\/de\\\/produkt\\\/seidenkissenbezug\\\/\"]}]},{\"@type\":\"ImageObject\",\"inLanguage\":\"de\",\"@id\":\"https:\\\/\\\/www.moonoi.ch\\\/de\\\/produkt\\\/seidenkissenbezug\\\/#primaryimage\",\"url\":\"https:\\\/\\\/www.moonoi.ch\\\/de\\\/wp-content\\\/uploads\\\/sites\\\/8\\\/2023\\\/08\\\/S__12247060_0.jpg\",\"contentUrl\":\"https:\\\/\\\/www.moonoi.ch\\\/de\\\/wp-content\\\/uploads\\\/sites\\\/8\\\/2023\\\/08\\\/S__12247060_0.jpg\",\"width\":1479,\"height\":1109,\"caption\":\"Seidenkissenbezug\"},{\"@type\":\"BreadcrumbList\",\"@id\":\"https:\\\/\\\/www.moonoi.ch\\\/de\\\/produkt\\\/seidenkissenbezug\\\/#breadcrumb\",\"itemListElement\":[{\"@type\":\"ListItem\",\"position\":1,\"name\":\"Shop\",\"item\":\"https:\\\/\\\/www.moonoi.ch\\\/de\\\/shop\\\/\"},{\"@type\":\"ListItem\",\"position\":2,\"name\":\"Gro\u00dfer purpur Seidenkissenbezug \u2013 47,5 cm x 75 cm\"}]},{\"@type\":\"WebSite\",\"@id\":\"https:\\\/\\\/www.moonoi.ch\\\/de\\\/#website\",\"url\":\"https:\\\/\\\/www.moonoi.ch\\\/de\\\/\",\"name\":\"MOONOI DE\",\"description\":\"SCHWEIZER SHOP | SCHNELLE &amp; KOSTENLOSE LIEFERUNG IN DER SCHWEIZ AB CHF 50\",\"publisher\":{\"@id\":\"https:\\\/\\\/www.moonoi.ch\\\/de\\\/#organization\"},\"potentialAction\":[{\"@type\":\"SearchAction\",\"target\":{\"@type\":\"EntryPoint\",\"urlTemplate\":\"https:\\\/\\\/www.moonoi.ch\\\/de\\\/?s={search_term_string}\"},\"query-input\":{\"@type\":\"PropertyValueSpecification\",\"valueRequired\":true,\"valueName\":\"search_term_string\"}}],\"inLanguage\":\"de\"},{\"@type\":\"Organization\",\"@id\":\"https:\\\/\\\/www.moonoi.ch\\\/de\\\/#organization\",\"name\":\"MOONOI DE\",\"url\":\"https:\\\/\\\/www.moonoi.ch\\\/de\\\/\",\"logo\":{\"@type\":\"ImageObject\",\"inLanguage\":\"de\",\"@id\":\"https:\\\/\\\/www.moonoi.ch\\\/de\\\/#\\\/schema\\\/logo\\\/image\\\/\",\"url\":\"https:\\\/\\\/www.moonoi.ch\\\/de\\\/wp-content\\\/uploads\\\/sites\\\/8\\\/2019\\\/01\\\/cropped-logo-moonoi.png\",\"contentUrl\":\"https:\\\/\\\/www.moonoi.ch\\\/de\\\/wp-content\\\/uploads\\\/sites\\\/8\\\/2019\\\/01\\\/cropped-logo-moonoi.png\",\"width\":945,\"height\":865,\"caption\":\"MOONOI DE\"},\"image\":{\"@id\":\"https:\\\/\\\/www.moonoi.ch\\\/de\\\/#\\\/schema\\\/logo\\\/image\\\/\"},\"sameAs\":[\"https:\\\/\\\/www.pinterest.ch\\\/moonoi_shop\\\/\"]}]}<\/script>\n<!-- \/ Yoast SEO plugin. -->","yoast_head_json":{"title":"Gro\u00dfer purpur Seidenkissenbezug \u2013 47,5 cm x 75 cm","description":"Purpurfarbener Seidenkissenbezug, handgefertigt aus reiner Seide aus Thailand. Entdecken Sie den Komfort der Seidenkissenbez\u00fcge und Seidenartikel von MOONOI","robots":{"index":"index","follow":"follow","max-snippet":"max-snippet:-1","max-image-preview":"max-image-preview:large","max-video-preview":"max-video-preview:-1"},"canonical":"https:\/\/www.moonoi.ch\/de\/produkt\/seidenkissenbezug\/","og_locale":"de_DE","og_type":"article","og_title":"Gro\u00dfer purpur Seidenkissenbezug \u2013 47,5 cm x 75 cm","og_description":"Purpurfarbener Seidenkissenbezug, handgefertigt aus reiner Seide aus Thailand. Entdecken Sie den Komfort der Seidenkissenbez\u00fcge und Seidenartikel von MOONOI","og_url":"https:\/\/www.moonoi.ch\/de\/produkt\/seidenkissenbezug\/","og_site_name":"MOONOI DE","article_modified_time":"2025-03-23T20:42:40+00:00","og_image":[{"width":1479,"height":1109,"url":"https:\/\/www.moonoi.ch\/de\/wp-content\/uploads\/sites\/8\/2023\/08\/S__12247060_0.jpg","type":"image\/jpeg"}],"twitter_card":"summary_large_image","twitter_misc":{"Gesch\u00e4tzte Lesezeit":"1\u00a0Minute"},"schema":{"@context":"https:\/\/schema.org","@graph":[{"@type":"WebPage","@id":"https:\/\/www.moonoi.ch\/de\/produkt\/seidenkissenbezug\/","url":"https:\/\/www.moonoi.ch\/de\/produkt\/seidenkissenbezug\/","name":"Gro\u00dfer purpur Seidenkissenbezug \u2013 47,5 cm x 75 cm","isPartOf":{"@id":"https:\/\/www.moonoi.ch\/de\/#website"},"primaryImageOfPage":{"@id":"https:\/\/www.moonoi.ch\/de\/produkt\/seidenkissenbezug\/#primaryimage"},"image":{"@id":"https:\/\/www.moonoi.ch\/de\/produkt\/seidenkissenbezug\/#primaryimage"},"thumbnailUrl":"https:\/\/www.moonoi.ch\/de\/wp-content\/uploads\/sites\/8\/2023\/08\/S__12247060_0.jpg","datePublished":"2023-08-30T09:11:55+00:00","dateModified":"2025-03-23T20:42:40+00:00","description":"Purpurfarbener Seidenkissenbezug, handgefertigt aus reiner Seide aus Thailand. Entdecken Sie den Komfort der Seidenkissenbez\u00fcge und Seidenartikel von MOONOI","breadcrumb":{"@id":"https:\/\/www.moonoi.ch\/de\/produkt\/seidenkissenbezug\/#breadcrumb"},"inLanguage":"de","potentialAction":[{"@type":"ReadAction","target":["https:\/\/www.moonoi.ch\/de\/produkt\/seidenkissenbezug\/"]}]},{"@type":"ImageObject","inLanguage":"de","@id":"https:\/\/www.moonoi.ch\/de\/produkt\/seidenkissenbezug\/#primaryimage","url":"https:\/\/www.moonoi.ch\/de\/wp-content\/uploads\/sites\/8\/2023\/08\/S__12247060_0.jpg","contentUrl":"https:\/\/www.moonoi.ch\/de\/wp-content\/uploads\/sites\/8\/2023\/08\/S__12247060_0.jpg","width":1479,"height":1109,"caption":"Seidenkissenbezug"},{"@type":"BreadcrumbList","@id":"https:\/\/www.moonoi.ch\/de\/produkt\/seidenkissenbezug\/#breadcrumb","itemListElement":[{"@type":"ListItem","position":1,"name":"Shop","item":"https:\/\/www.moonoi.ch\/de\/shop\/"},{"@type":"ListItem","position":2,"name":"Gro\u00dfer purpur Seidenkissenbezug \u2013 47,5 cm x 75 cm"}]},{"@type":"WebSite","@id":"https:\/\/www.moonoi.ch\/de\/#website","url":"https:\/\/www.moonoi.ch\/de\/","name":"MOONOI DE","description":"SCHWEIZER SHOP | SCHNELLE &amp; KOSTENLOSE LIEFERUNG IN DER SCHWEIZ AB CHF 50","publisher":{"@id":"https:\/\/www.moonoi.ch\/de\/#organization"},"potentialAction":[{"@type":"SearchAction","target":{"@type":"EntryPoint","urlTemplate":"https:\/\/www.moonoi.ch\/de\/?s={search_term_string}"},"query-input":{"@type":"PropertyValueSpecification","valueRequired":true,"valueName":"search_term_string"}}],"inLanguage":"de"},{"@type":"Organization","@id":"https:\/\/www.moonoi.ch\/de\/#organization","name":"MOONOI DE","url":"https:\/\/www.moonoi.ch\/de\/","logo":{"@type":"ImageObject","inLanguage":"de","@id":"https:\/\/www.moonoi.ch\/de\/#\/schema\/logo\/image\/","url":"https:\/\/www.moonoi.ch\/de\/wp-content\/uploads\/sites\/8\/2019\/01\/cropped-logo-moonoi.png","contentUrl":"https:\/\/www.moonoi.ch\/de\/wp-content\/uploads\/sites\/8\/2019\/01\/cropped-logo-moonoi.png","width":945,"height":865,"caption":"MOONOI DE"},"image":{"@id":"https:\/\/www.moonoi.ch\/de\/#\/schema\/logo\/image\/"},"sameAs":["https:\/\/www.pinterest.ch\/moonoi_shop\/"]}]}},"_links":{"self":[{"href":"https:\/\/www.moonoi.ch\/de\/wp-json\/wp\/v2\/product\/6799","targetHints":{"allow":["GET"]}}],"collection":[{"href":"https:\/\/www.moonoi.ch\/de\/wp-json\/wp\/v2\/product"}],"about":[{"href":"https:\/\/www.moonoi.ch\/de\/wp-json\/wp\/v2\/types\/product"}],"replies":[{"embeddable":true,"href":"https:\/\/www.moonoi.ch\/de\/wp-json\/wp\/v2\/comments?post=6799"}],"wp:featuredmedia":[{"embeddable":true,"href":"https:\/\/www.moonoi.ch\/de\/wp-json\/wp\/v2\/media\/6801"}],"wp:attachment":[{"href":"https:\/\/www.moonoi.ch\/de\/wp-json\/wp\/v2\/media?parent=6799"}],"wp:term":[{"taxonomy":"product_brand","embeddable":true,"href":"https:\/\/www.moonoi.ch\/de\/wp-json\/wp\/v2\/product_brand?post=6799"},{"taxonomy":"product_cat","embeddable":true,"href":"https:\/\/www.moonoi.ch\/de\/wp-json\/wp\/v2\/product_cat?post=6799"},{"taxonomy":"product_tag","embeddable":true,"href":"https:\/\/www.moonoi.ch\/de\/wp-json\/wp\/v2\/product_tag?post=6799"}],"curies":[{"name":"wp","href":"https:\/\/api.w.org\/{rel}","templated":true}]}}