{"id":5813,"date":"2023-02-26T20:23:41","date_gmt":"2023-02-26T20:23:41","guid":{"rendered":"https:\/\/www.moonoi.ch\/de\/?post_type=product&#038;p=5813"},"modified":"2025-02-23T10:00:45","modified_gmt":"2025-02-23T10:00:45","slug":"grosser-ecru-seidenkissenbezug","status":"publish","type":"product","link":"https:\/\/www.moonoi.ch\/de\/produkt\/grosser-ecru-seidenkissenbezug\/","title":{"rendered":"Gro\u00dfer Ecru Seidenkissenbezug &#8211; 47,5 cm x 75 cm"},"content":{"rendered":"<p>Seidenkissenbezug, handgefertigt in Thailand, 100 % Seide.<\/p>\n<p>Gr\u00f6sse: 47,5 cm x 75 cm<\/p>\n<p>Dieser Kissenbezug aus ecrufarbener Seide harmoniert m\u00fchelos mit den Farbt\u00f6nen Ihres Schlafzimmers.<\/p>\n<p>Die Eigenschaften von Seide machen sie zu einem besonders geeigneten Material f\u00fcr einen Kissenbezug. Die weiche und glatte Textur von Seide minimiert die Reibung auf Ihrer Haut, was langfristig dazu beitr\u00e4gt, das Auftreten von Falten zu verhindern. Dar\u00fcber hinaus verursacht Seide keine statische Elektrizit\u00e4t, was verhindert, dass sich Ihre Haare beim Aufwachen zu sehr verheddern. Schlie\u00dflich hat ein Seidenkissenbezug thermoregulierende Eigenschaften, die f\u00fcr ein k\u00fchles und angenehmes Gef\u00fchl auf der Haut sorgen und so einen guten Schlaf f\u00f6rdern.<\/p>\n<p>Entdecken Sie die faszinierende Welt der Seide mit Seidenartikeln von MOONOI<\/p>\n","protected":false},"excerpt":{"rendered":"<ul>\n<li>Kissenbezug aus thail\u00e4ndischer Seide. Dieser Seidenkissenbezug ist ecrufarben und hat einen Rei\u00dfverschluss an der Seite.<\/li>\n<li>Gr\u00f6sse: 47,5 cm x 75 cm<\/li>\n<li>100 % Seide<\/li>\n<\/ul>\n<p>Entdecken Sie die Seidenkissenbez\u00fcge von MOONOI f\u00fcr einen angenehmen und erholsamen Schlaf.<\/p>\n","protected":false},"featured_media":5815,"comment_status":"open","ping_status":"closed","template":"","meta":{"site-sidebar-layout":"default","site-content-layout":"default","ast-site-content-layout":"default","site-content-style":"default","site-sidebar-style":"default","ast-global-header-display":"","ast-banner-title-visibility":"","ast-main-header-display":"","ast-hfb-above-header-display":"","ast-hfb-below-header-display":"","ast-hfb-mobile-header-display":"","site-post-title":"","ast-breadcrumbs-content":"","ast-featured-img":"","footer-sml-layout":"","ast-disable-related-posts":"","theme-transparent-header-meta":"default","adv-header-id-meta":"","stick-header-meta":"","header-above-stick-meta":"","header-main-stick-meta":"","header-below-stick-meta":"","astra-migrate-meta-layouts":"set","ast-page-background-enabled":"default","ast-page-background-meta":{"desktop":{"background-color":"","background-image":"","background-repeat":"repeat","background-position":"center center","background-size":"auto","background-attachment":"scroll","background-type":"","background-media":"","overlay-type":"","overlay-color":"","overlay-opacity":"","overlay-gradient":""},"tablet":{"background-color":"","background-image":"","background-repeat":"repeat","background-position":"center center","background-size":"auto","background-attachment":"scroll","background-type":"","background-media":"","overlay-type":"","overlay-color":"","overlay-opacity":"","overlay-gradient":""},"mobile":{"background-color":"","background-image":"","background-repeat":"repeat","background-position":"center center","background-size":"auto","background-attachment":"scroll","background-type":"","background-media":"","overlay-type":"","overlay-color":"","overlay-opacity":"","overlay-gradient":""}},"ast-content-background-meta":{"desktop":{"background-color":"var(--ast-global-color-5)","background-image":"","background-repeat":"repeat","background-position":"center center","background-size":"auto","background-attachment":"scroll","background-type":"","background-media":"","overlay-type":"","overlay-color":"","overlay-opacity":"","overlay-gradient":""},"tablet":{"background-color":"var(--ast-global-color-5)","background-image":"","background-repeat":"repeat","background-position":"center center","background-size":"auto","background-attachment":"scroll","background-type":"","background-media":"","overlay-type":"","overlay-color":"","overlay-opacity":"","overlay-gradient":""},"mobile":{"background-color":"var(--ast-global-color-5)","background-image":"","background-repeat":"repeat","background-position":"center center","background-size":"auto","background-attachment":"scroll","background-type":"","background-media":"","overlay-type":"","overlay-color":"","overlay-opacity":"","overlay-gradient":""}}},"product_brand":[],"product_cat":[46,48,39],"product_tag":[42,41],"class_list":{"0":"post-5813","1":"product","2":"type-product","3":"status-publish","4":"has-post-thumbnail","6":"product_cat-seidenkissenbezug-47-5-x-75-cm","7":"product_cat-einfarbig","8":"product_cat-seidenkissenbezug","9":"product_tag-seide-kissenbezug","10":"product_tag-seidenkissenbezug","11":"desktop-align-left","12":"tablet-align-left","13":"mobile-align-left","15":"first","16":"outofstock","17":"shipping-taxable","18":"purchasable","19":"product-type-simple"},"yoast_head":"<!-- This site is optimized with the Yoast SEO plugin v27.4 - https:\/\/yoast.com\/product\/yoast-seo-wordpress\/ -->\n<title>Gro\u00dfer Ecru Seidenkissenbezug - 47,5 cm x 75 cm<\/title>\n<meta name=\"description\" content=\"Ecru Seidenkissenbezug aus reiner Thai-Seide. Entdecken Sie MOONOI Seidenkissenbez\u00fcge, Seidenschals und Seident\u00fccher MOONOI\" \/>\n<meta name=\"robots\" content=\"index, follow, max-snippet:-1, max-image-preview:large, max-video-preview:-1\" \/>\n<link rel=\"canonical\" href=\"https:\/\/www.moonoi.ch\/de\/produkt\/grosser-ecru-seidenkissenbezug\/\" \/>\n<meta property=\"og:locale\" content=\"de_DE\" \/>\n<meta property=\"og:type\" content=\"article\" \/>\n<meta property=\"og:title\" content=\"Gro\u00dfer Ecru Seidenkissenbezug - 47,5 cm x 75 cm\" \/>\n<meta property=\"og:description\" content=\"Ecru Seidenkissenbezug aus reiner Thai-Seide. Entdecken Sie MOONOI Seidenkissenbez\u00fcge, Seidenschals und Seident\u00fccher MOONOI\" \/>\n<meta property=\"og:url\" content=\"https:\/\/www.moonoi.ch\/de\/produkt\/grosser-ecru-seidenkissenbezug\/\" \/>\n<meta property=\"og:site_name\" content=\"MOONOI DE\" \/>\n<meta property=\"article:modified_time\" content=\"2025-02-23T10:00:45+00:00\" \/>\n<meta property=\"og:image\" content=\"https:\/\/www.moonoi.ch\/de\/wp-content\/uploads\/sites\/8\/2023\/02\/S__10666008.jpg\" \/>\n\t<meta property=\"og:image:width\" content=\"1478\" \/>\n\t<meta property=\"og:image:height\" content=\"1108\" \/>\n\t<meta property=\"og:image:type\" content=\"image\/jpeg\" \/>\n<meta name=\"twitter:card\" content=\"summary_large_image\" \/>\n<meta name=\"twitter:label1\" content=\"Gesch\u00e4tzte Lesezeit\" \/>\n\t<meta name=\"twitter:data1\" content=\"1\u00a0Minute\" \/>\n<script type=\"application\/ld+json\" class=\"yoast-schema-graph\">{\"@context\":\"https:\\\/\\\/schema.org\",\"@graph\":[{\"@type\":\"WebPage\",\"@id\":\"https:\\\/\\\/www.moonoi.ch\\\/de\\\/produkt\\\/grosser-ecru-seidenkissenbezug\\\/\",\"url\":\"https:\\\/\\\/www.moonoi.ch\\\/de\\\/produkt\\\/grosser-ecru-seidenkissenbezug\\\/\",\"name\":\"Gro\u00dfer Ecru Seidenkissenbezug - 47,5 cm x 75 cm\",\"isPartOf\":{\"@id\":\"https:\\\/\\\/www.moonoi.ch\\\/de\\\/#website\"},\"primaryImageOfPage\":{\"@id\":\"https:\\\/\\\/www.moonoi.ch\\\/de\\\/produkt\\\/grosser-ecru-seidenkissenbezug\\\/#primaryimage\"},\"image\":{\"@id\":\"https:\\\/\\\/www.moonoi.ch\\\/de\\\/produkt\\\/grosser-ecru-seidenkissenbezug\\\/#primaryimage\"},\"thumbnailUrl\":\"https:\\\/\\\/www.moonoi.ch\\\/de\\\/wp-content\\\/uploads\\\/sites\\\/8\\\/2023\\\/02\\\/S__10666008.jpg\",\"datePublished\":\"2023-02-26T20:23:41+00:00\",\"dateModified\":\"2025-02-23T10:00:45+00:00\",\"description\":\"Ecru Seidenkissenbezug aus reiner Thai-Seide. Entdecken Sie MOONOI Seidenkissenbez\u00fcge, Seidenschals und Seident\u00fccher MOONOI\",\"breadcrumb\":{\"@id\":\"https:\\\/\\\/www.moonoi.ch\\\/de\\\/produkt\\\/grosser-ecru-seidenkissenbezug\\\/#breadcrumb\"},\"inLanguage\":\"de\",\"potentialAction\":[{\"@type\":\"ReadAction\",\"target\":[\"https:\\\/\\\/www.moonoi.ch\\\/de\\\/produkt\\\/grosser-ecru-seidenkissenbezug\\\/\"]}]},{\"@type\":\"ImageObject\",\"inLanguage\":\"de\",\"@id\":\"https:\\\/\\\/www.moonoi.ch\\\/de\\\/produkt\\\/grosser-ecru-seidenkissenbezug\\\/#primaryimage\",\"url\":\"https:\\\/\\\/www.moonoi.ch\\\/de\\\/wp-content\\\/uploads\\\/sites\\\/8\\\/2023\\\/02\\\/S__10666008.jpg\",\"contentUrl\":\"https:\\\/\\\/www.moonoi.ch\\\/de\\\/wp-content\\\/uploads\\\/sites\\\/8\\\/2023\\\/02\\\/S__10666008.jpg\",\"width\":1478,\"height\":1108,\"caption\":\"Seidenkissenbezug\"},{\"@type\":\"BreadcrumbList\",\"@id\":\"https:\\\/\\\/www.moonoi.ch\\\/de\\\/produkt\\\/grosser-ecru-seidenkissenbezug\\\/#breadcrumb\",\"itemListElement\":[{\"@type\":\"ListItem\",\"position\":1,\"name\":\"Shop\",\"item\":\"https:\\\/\\\/www.moonoi.ch\\\/de\\\/shop\\\/\"},{\"@type\":\"ListItem\",\"position\":2,\"name\":\"Gro\u00dfer Ecru Seidenkissenbezug &#8211; 47,5 cm x 75 cm\"}]},{\"@type\":\"WebSite\",\"@id\":\"https:\\\/\\\/www.moonoi.ch\\\/de\\\/#website\",\"url\":\"https:\\\/\\\/www.moonoi.ch\\\/de\\\/\",\"name\":\"MOONOI DE\",\"description\":\"SCHWEIZER SHOP | SCHNELLE &amp; KOSTENLOSE LIEFERUNG IN DER SCHWEIZ AB CHF 50\",\"publisher\":{\"@id\":\"https:\\\/\\\/www.moonoi.ch\\\/de\\\/#organization\"},\"potentialAction\":[{\"@type\":\"SearchAction\",\"target\":{\"@type\":\"EntryPoint\",\"urlTemplate\":\"https:\\\/\\\/www.moonoi.ch\\\/de\\\/?s={search_term_string}\"},\"query-input\":{\"@type\":\"PropertyValueSpecification\",\"valueRequired\":true,\"valueName\":\"search_term_string\"}}],\"inLanguage\":\"de\"},{\"@type\":\"Organization\",\"@id\":\"https:\\\/\\\/www.moonoi.ch\\\/de\\\/#organization\",\"name\":\"MOONOI DE\",\"url\":\"https:\\\/\\\/www.moonoi.ch\\\/de\\\/\",\"logo\":{\"@type\":\"ImageObject\",\"inLanguage\":\"de\",\"@id\":\"https:\\\/\\\/www.moonoi.ch\\\/de\\\/#\\\/schema\\\/logo\\\/image\\\/\",\"url\":\"https:\\\/\\\/www.moonoi.ch\\\/de\\\/wp-content\\\/uploads\\\/sites\\\/8\\\/2019\\\/01\\\/cropped-logo-moonoi.png\",\"contentUrl\":\"https:\\\/\\\/www.moonoi.ch\\\/de\\\/wp-content\\\/uploads\\\/sites\\\/8\\\/2019\\\/01\\\/cropped-logo-moonoi.png\",\"width\":945,\"height\":865,\"caption\":\"MOONOI DE\"},\"image\":{\"@id\":\"https:\\\/\\\/www.moonoi.ch\\\/de\\\/#\\\/schema\\\/logo\\\/image\\\/\"},\"sameAs\":[\"https:\\\/\\\/www.pinterest.ch\\\/moonoi_shop\\\/\"]}]}<\/script>\n<!-- \/ Yoast SEO plugin. -->","yoast_head_json":{"title":"Gro\u00dfer Ecru Seidenkissenbezug - 47,5 cm x 75 cm","description":"Ecru Seidenkissenbezug aus reiner Thai-Seide. Entdecken Sie MOONOI Seidenkissenbez\u00fcge, Seidenschals und Seident\u00fccher MOONOI","robots":{"index":"index","follow":"follow","max-snippet":"max-snippet:-1","max-image-preview":"max-image-preview:large","max-video-preview":"max-video-preview:-1"},"canonical":"https:\/\/www.moonoi.ch\/de\/produkt\/grosser-ecru-seidenkissenbezug\/","og_locale":"de_DE","og_type":"article","og_title":"Gro\u00dfer Ecru Seidenkissenbezug - 47,5 cm x 75 cm","og_description":"Ecru Seidenkissenbezug aus reiner Thai-Seide. Entdecken Sie MOONOI Seidenkissenbez\u00fcge, Seidenschals und Seident\u00fccher MOONOI","og_url":"https:\/\/www.moonoi.ch\/de\/produkt\/grosser-ecru-seidenkissenbezug\/","og_site_name":"MOONOI DE","article_modified_time":"2025-02-23T10:00:45+00:00","og_image":[{"width":1478,"height":1108,"url":"https:\/\/www.moonoi.ch\/de\/wp-content\/uploads\/sites\/8\/2023\/02\/S__10666008.jpg","type":"image\/jpeg"}],"twitter_card":"summary_large_image","twitter_misc":{"Gesch\u00e4tzte Lesezeit":"1\u00a0Minute"},"schema":{"@context":"https:\/\/schema.org","@graph":[{"@type":"WebPage","@id":"https:\/\/www.moonoi.ch\/de\/produkt\/grosser-ecru-seidenkissenbezug\/","url":"https:\/\/www.moonoi.ch\/de\/produkt\/grosser-ecru-seidenkissenbezug\/","name":"Gro\u00dfer Ecru Seidenkissenbezug - 47,5 cm x 75 cm","isPartOf":{"@id":"https:\/\/www.moonoi.ch\/de\/#website"},"primaryImageOfPage":{"@id":"https:\/\/www.moonoi.ch\/de\/produkt\/grosser-ecru-seidenkissenbezug\/#primaryimage"},"image":{"@id":"https:\/\/www.moonoi.ch\/de\/produkt\/grosser-ecru-seidenkissenbezug\/#primaryimage"},"thumbnailUrl":"https:\/\/www.moonoi.ch\/de\/wp-content\/uploads\/sites\/8\/2023\/02\/S__10666008.jpg","datePublished":"2023-02-26T20:23:41+00:00","dateModified":"2025-02-23T10:00:45+00:00","description":"Ecru Seidenkissenbezug aus reiner Thai-Seide. Entdecken Sie MOONOI Seidenkissenbez\u00fcge, Seidenschals und Seident\u00fccher MOONOI","breadcrumb":{"@id":"https:\/\/www.moonoi.ch\/de\/produkt\/grosser-ecru-seidenkissenbezug\/#breadcrumb"},"inLanguage":"de","potentialAction":[{"@type":"ReadAction","target":["https:\/\/www.moonoi.ch\/de\/produkt\/grosser-ecru-seidenkissenbezug\/"]}]},{"@type":"ImageObject","inLanguage":"de","@id":"https:\/\/www.moonoi.ch\/de\/produkt\/grosser-ecru-seidenkissenbezug\/#primaryimage","url":"https:\/\/www.moonoi.ch\/de\/wp-content\/uploads\/sites\/8\/2023\/02\/S__10666008.jpg","contentUrl":"https:\/\/www.moonoi.ch\/de\/wp-content\/uploads\/sites\/8\/2023\/02\/S__10666008.jpg","width":1478,"height":1108,"caption":"Seidenkissenbezug"},{"@type":"BreadcrumbList","@id":"https:\/\/www.moonoi.ch\/de\/produkt\/grosser-ecru-seidenkissenbezug\/#breadcrumb","itemListElement":[{"@type":"ListItem","position":1,"name":"Shop","item":"https:\/\/www.moonoi.ch\/de\/shop\/"},{"@type":"ListItem","position":2,"name":"Gro\u00dfer Ecru Seidenkissenbezug &#8211; 47,5 cm x 75 cm"}]},{"@type":"WebSite","@id":"https:\/\/www.moonoi.ch\/de\/#website","url":"https:\/\/www.moonoi.ch\/de\/","name":"MOONOI DE","description":"SCHWEIZER SHOP | SCHNELLE &amp; KOSTENLOSE LIEFERUNG IN DER SCHWEIZ AB CHF 50","publisher":{"@id":"https:\/\/www.moonoi.ch\/de\/#organization"},"potentialAction":[{"@type":"SearchAction","target":{"@type":"EntryPoint","urlTemplate":"https:\/\/www.moonoi.ch\/de\/?s={search_term_string}"},"query-input":{"@type":"PropertyValueSpecification","valueRequired":true,"valueName":"search_term_string"}}],"inLanguage":"de"},{"@type":"Organization","@id":"https:\/\/www.moonoi.ch\/de\/#organization","name":"MOONOI DE","url":"https:\/\/www.moonoi.ch\/de\/","logo":{"@type":"ImageObject","inLanguage":"de","@id":"https:\/\/www.moonoi.ch\/de\/#\/schema\/logo\/image\/","url":"https:\/\/www.moonoi.ch\/de\/wp-content\/uploads\/sites\/8\/2019\/01\/cropped-logo-moonoi.png","contentUrl":"https:\/\/www.moonoi.ch\/de\/wp-content\/uploads\/sites\/8\/2019\/01\/cropped-logo-moonoi.png","width":945,"height":865,"caption":"MOONOI DE"},"image":{"@id":"https:\/\/www.moonoi.ch\/de\/#\/schema\/logo\/image\/"},"sameAs":["https:\/\/www.pinterest.ch\/moonoi_shop\/"]}]}},"_links":{"self":[{"href":"https:\/\/www.moonoi.ch\/de\/wp-json\/wp\/v2\/product\/5813","targetHints":{"allow":["GET"]}}],"collection":[{"href":"https:\/\/www.moonoi.ch\/de\/wp-json\/wp\/v2\/product"}],"about":[{"href":"https:\/\/www.moonoi.ch\/de\/wp-json\/wp\/v2\/types\/product"}],"replies":[{"embeddable":true,"href":"https:\/\/www.moonoi.ch\/de\/wp-json\/wp\/v2\/comments?post=5813"}],"wp:featuredmedia":[{"embeddable":true,"href":"https:\/\/www.moonoi.ch\/de\/wp-json\/wp\/v2\/media\/5815"}],"wp:attachment":[{"href":"https:\/\/www.moonoi.ch\/de\/wp-json\/wp\/v2\/media?parent=5813"}],"wp:term":[{"taxonomy":"product_brand","embeddable":true,"href":"https:\/\/www.moonoi.ch\/de\/wp-json\/wp\/v2\/product_brand?post=5813"},{"taxonomy":"product_cat","embeddable":true,"href":"https:\/\/www.moonoi.ch\/de\/wp-json\/wp\/v2\/product_cat?post=5813"},{"taxonomy":"product_tag","embeddable":true,"href":"https:\/\/www.moonoi.ch\/de\/wp-json\/wp\/v2\/product_tag?post=5813"}],"curies":[{"name":"wp","href":"https:\/\/api.w.org\/{rel}","templated":true}]}}