{"id":4271,"date":"2022-05-14T19:16:03","date_gmt":"2022-05-14T19:16:03","guid":{"rendered":"https:\/\/www.moonoi.ch\/de\/?post_type=product&#038;p=4271"},"modified":"2024-08-25T12:21:31","modified_gmt":"2024-08-25T12:21:31","slug":"grosser-gemusterter-rosa-seidentuch","status":"publish","type":"product","link":"https:\/\/www.moonoi.ch\/de\/produkt\/grosser-gemusterter-rosa-seidentuch\/","title":{"rendered":"Gro\u00dfer gemusterter rosa Seidentuch"},"content":{"rendered":"<p>Gro\u00dfer rosafarbener Seidentuch aus reiner thail\u00e4ndischer Maulbeerseide, von Hand gewebt und gef\u00e4rbt.<\/p>\n<p>Dieser rosa Seidentuch mit wei\u00dfen Mustern kann das ganze Jahr \u00fcber getragen werden und wird alle Arten von Outfits mit gro\u00dfem Stil und Originalit\u00e4t begleiten. Die rosa Farbe des Schals und die wei\u00dfen geometrischen Muster verleihen ihm viel Charakter. Das Weben im &#8222;Mudmee&#8220;-Stil, das zur Herstellung dieses Schals verwendet wird, ist eines der Juwelen der thail\u00e4ndischen Seidenhandwerkskunst und eine der \u00e4ltesten Formen der Seidenweberei in Thailand. Die Muster der Mudmee-Seide haben einen einzigartigen Stil mit nahezu unendlichen Variationen, sind aber gleichzeitig sehr erkennbar.<\/p>\n<p>Dieser Seidentuch f\u00fcr Damen ist ein vielseitiges Accessoire mit einer unnachahmlichen Textur und Farbt\u00f6nen, das um den Hals oder \u00fcber den Schultern getragen werden kann.<\/p>\n<p>Betreten Sie mit MOONOI Produkten die faszinierende Welt der Thai-Seide<\/p>\n<p>&nbsp;<\/p>\n","protected":false},"excerpt":{"rendered":"<p>Gro\u00dfer rosafarbener Seidentuch mit wei\u00dfen Mustern, handgefertigt<\/p>\n<p>100% Thai-Seide &#8222;Mudmee&#8220;<\/p>\n<p>Gr\u00f6sse: 180 x 60 cm<\/p>\n<p>Jeder Seidentuch ist handgefertigt und somit ein Unikat. Das bedeutet, dass Gr\u00f6\u00dfe und Designs geringf\u00fcgig von den gezeigten Bildern und Abmessungen abweichen k\u00f6nnen.<\/p>\n<p>&nbsp;<\/p>\n","protected":false},"featured_media":4272,"comment_status":"open","ping_status":"closed","template":"","meta":{"site-sidebar-layout":"default","site-content-layout":"default","ast-site-content-layout":"default","site-content-style":"default","site-sidebar-style":"default","ast-global-header-display":"","ast-banner-title-visibility":"","ast-main-header-display":"","ast-hfb-above-header-display":"","ast-hfb-below-header-display":"","ast-hfb-mobile-header-display":"","site-post-title":"","ast-breadcrumbs-content":"","ast-featured-img":"","footer-sml-layout":"","ast-disable-related-posts":"","theme-transparent-header-meta":"default","adv-header-id-meta":"","stick-header-meta":"","header-above-stick-meta":"","header-main-stick-meta":"","header-below-stick-meta":"","astra-migrate-meta-layouts":"default","ast-page-background-enabled":"default","ast-page-background-meta":{"desktop":{"background-color":"","background-image":"","background-repeat":"repeat","background-position":"center center","background-size":"auto","background-attachment":"scroll","background-type":"","background-media":"","overlay-type":"","overlay-color":"","overlay-opacity":"","overlay-gradient":""},"tablet":{"background-color":"","background-image":"","background-repeat":"repeat","background-position":"center center","background-size":"auto","background-attachment":"scroll","background-type":"","background-media":"","overlay-type":"","overlay-color":"","overlay-opacity":"","overlay-gradient":""},"mobile":{"background-color":"","background-image":"","background-repeat":"repeat","background-position":"center center","background-size":"auto","background-attachment":"scroll","background-type":"","background-media":"","overlay-type":"","overlay-color":"","overlay-opacity":"","overlay-gradient":""}},"ast-content-background-meta":{"desktop":{"background-color":"var(--ast-global-color-5)","background-image":"","background-repeat":"repeat","background-position":"center center","background-size":"auto","background-attachment":"scroll","background-type":"","background-media":"","overlay-type":"","overlay-color":"","overlay-opacity":"","overlay-gradient":""},"tablet":{"background-color":"var(--ast-global-color-5)","background-image":"","background-repeat":"repeat","background-position":"center center","background-size":"auto","background-attachment":"scroll","background-type":"","background-media":"","overlay-type":"","overlay-color":"","overlay-opacity":"","overlay-gradient":""},"mobile":{"background-color":"var(--ast-global-color-5)","background-image":"","background-repeat":"repeat","background-position":"center center","background-size":"auto","background-attachment":"scroll","background-type":"","background-media":"","overlay-type":"","overlay-color":"","overlay-opacity":"","overlay-gradient":""}}},"product_brand":[],"product_cat":[38,33],"product_tag":[],"class_list":{"0":"post-4271","1":"product","2":"type-product","3":"status-publish","4":"has-post-thumbnail","6":"product_cat-mudmee-seide","7":"product_cat-seidentuch","8":"desktop-align-left","9":"tablet-align-left","10":"mobile-align-left","12":"first","13":"instock","14":"featured","15":"shipping-taxable","16":"purchasable","17":"product-type-simple"},"yoast_head":"<!-- This site is optimized with the Yoast SEO plugin v27.4 - https:\/\/yoast.com\/product\/yoast-seo-wordpress\/ -->\n<title>Gro\u00dfer gemusterter rosa Seidentuch - MOONOI DE<\/title>\n<meta name=\"description\" content=\"Gro\u00dfer rosa Seidentuch f\u00fcr Damen, handgewebt aus reiner Thai-Seide in der Tradition des Mudmee-Stils. Entdecken Sie Thai-Seide mit MOONOI\" \/>\n<meta name=\"robots\" content=\"index, follow, max-snippet:-1, max-image-preview:large, max-video-preview:-1\" \/>\n<link rel=\"canonical\" href=\"https:\/\/www.moonoi.ch\/de\/produkt\/grosser-gemusterter-rosa-seidentuch\/\" \/>\n<meta property=\"og:locale\" content=\"de_DE\" \/>\n<meta property=\"og:type\" content=\"article\" \/>\n<meta property=\"og:title\" content=\"Gro\u00dfer gemusterter rosa Seidentuch - MOONOI DE\" \/>\n<meta property=\"og:description\" content=\"Gro\u00dfer rosa Seidentuch f\u00fcr Damen, handgewebt aus reiner Thai-Seide in der Tradition des Mudmee-Stils. Entdecken Sie Thai-Seide mit MOONOI\" \/>\n<meta property=\"og:url\" content=\"https:\/\/www.moonoi.ch\/de\/produkt\/grosser-gemusterter-rosa-seidentuch\/\" \/>\n<meta property=\"og:site_name\" content=\"MOONOI DE\" \/>\n<meta property=\"article:modified_time\" content=\"2024-08-25T12:21:31+00:00\" \/>\n<meta property=\"og:image\" content=\"https:\/\/www.moonoi.ch\/de\/wp-content\/uploads\/sites\/8\/2022\/05\/S__6766630.jpg\" \/>\n\t<meta property=\"og:image:width\" content=\"1108\" \/>\n\t<meta property=\"og:image:height\" content=\"1478\" \/>\n\t<meta property=\"og:image:type\" content=\"image\/jpeg\" \/>\n<meta name=\"twitter:card\" content=\"summary_large_image\" \/>\n<meta name=\"twitter:label1\" content=\"Gesch\u00e4tzte Lesezeit\" \/>\n\t<meta name=\"twitter:data1\" content=\"1\u00a0Minute\" \/>\n<script type=\"application\/ld+json\" class=\"yoast-schema-graph\">{\"@context\":\"https:\\\/\\\/schema.org\",\"@graph\":[{\"@type\":\"WebPage\",\"@id\":\"https:\\\/\\\/www.moonoi.ch\\\/de\\\/produkt\\\/grosser-gemusterter-rosa-seidentuch\\\/\",\"url\":\"https:\\\/\\\/www.moonoi.ch\\\/de\\\/produkt\\\/grosser-gemusterter-rosa-seidentuch\\\/\",\"name\":\"Gro\u00dfer gemusterter rosa Seidentuch - MOONOI DE\",\"isPartOf\":{\"@id\":\"https:\\\/\\\/www.moonoi.ch\\\/de\\\/#website\"},\"primaryImageOfPage\":{\"@id\":\"https:\\\/\\\/www.moonoi.ch\\\/de\\\/produkt\\\/grosser-gemusterter-rosa-seidentuch\\\/#primaryimage\"},\"image\":{\"@id\":\"https:\\\/\\\/www.moonoi.ch\\\/de\\\/produkt\\\/grosser-gemusterter-rosa-seidentuch\\\/#primaryimage\"},\"thumbnailUrl\":\"https:\\\/\\\/www.moonoi.ch\\\/de\\\/wp-content\\\/uploads\\\/sites\\\/8\\\/2022\\\/05\\\/S__6766630.jpg\",\"datePublished\":\"2022-05-14T19:16:03+00:00\",\"dateModified\":\"2024-08-25T12:21:31+00:00\",\"description\":\"Gro\u00dfer rosa Seidentuch f\u00fcr Damen, handgewebt aus reiner Thai-Seide in der Tradition des Mudmee-Stils. Entdecken Sie Thai-Seide mit MOONOI\",\"breadcrumb\":{\"@id\":\"https:\\\/\\\/www.moonoi.ch\\\/de\\\/produkt\\\/grosser-gemusterter-rosa-seidentuch\\\/#breadcrumb\"},\"inLanguage\":\"de\",\"potentialAction\":[{\"@type\":\"ReadAction\",\"target\":[\"https:\\\/\\\/www.moonoi.ch\\\/de\\\/produkt\\\/grosser-gemusterter-rosa-seidentuch\\\/\"]}]},{\"@type\":\"ImageObject\",\"inLanguage\":\"de\",\"@id\":\"https:\\\/\\\/www.moonoi.ch\\\/de\\\/produkt\\\/grosser-gemusterter-rosa-seidentuch\\\/#primaryimage\",\"url\":\"https:\\\/\\\/www.moonoi.ch\\\/de\\\/wp-content\\\/uploads\\\/sites\\\/8\\\/2022\\\/05\\\/S__6766630.jpg\",\"contentUrl\":\"https:\\\/\\\/www.moonoi.ch\\\/de\\\/wp-content\\\/uploads\\\/sites\\\/8\\\/2022\\\/05\\\/S__6766630.jpg\",\"width\":1108,\"height\":1478,\"caption\":\"Seidentuch f\u00fcr Damen\"},{\"@type\":\"BreadcrumbList\",\"@id\":\"https:\\\/\\\/www.moonoi.ch\\\/de\\\/produkt\\\/grosser-gemusterter-rosa-seidentuch\\\/#breadcrumb\",\"itemListElement\":[{\"@type\":\"ListItem\",\"position\":1,\"name\":\"Shop\",\"item\":\"https:\\\/\\\/www.moonoi.ch\\\/de\\\/shop\\\/\"},{\"@type\":\"ListItem\",\"position\":2,\"name\":\"Gro\u00dfer gemusterter rosa Seidentuch\"}]},{\"@type\":\"WebSite\",\"@id\":\"https:\\\/\\\/www.moonoi.ch\\\/de\\\/#website\",\"url\":\"https:\\\/\\\/www.moonoi.ch\\\/de\\\/\",\"name\":\"MOONOI DE\",\"description\":\"SCHWEIZER SHOP | SCHNELLE &amp; KOSTENLOSE LIEFERUNG IN DER SCHWEIZ AB CHF 50\",\"publisher\":{\"@id\":\"https:\\\/\\\/www.moonoi.ch\\\/de\\\/#organization\"},\"potentialAction\":[{\"@type\":\"SearchAction\",\"target\":{\"@type\":\"EntryPoint\",\"urlTemplate\":\"https:\\\/\\\/www.moonoi.ch\\\/de\\\/?s={search_term_string}\"},\"query-input\":{\"@type\":\"PropertyValueSpecification\",\"valueRequired\":true,\"valueName\":\"search_term_string\"}}],\"inLanguage\":\"de\"},{\"@type\":\"Organization\",\"@id\":\"https:\\\/\\\/www.moonoi.ch\\\/de\\\/#organization\",\"name\":\"MOONOI DE\",\"url\":\"https:\\\/\\\/www.moonoi.ch\\\/de\\\/\",\"logo\":{\"@type\":\"ImageObject\",\"inLanguage\":\"de\",\"@id\":\"https:\\\/\\\/www.moonoi.ch\\\/de\\\/#\\\/schema\\\/logo\\\/image\\\/\",\"url\":\"https:\\\/\\\/www.moonoi.ch\\\/de\\\/wp-content\\\/uploads\\\/sites\\\/8\\\/2019\\\/01\\\/cropped-logo-moonoi.png\",\"contentUrl\":\"https:\\\/\\\/www.moonoi.ch\\\/de\\\/wp-content\\\/uploads\\\/sites\\\/8\\\/2019\\\/01\\\/cropped-logo-moonoi.png\",\"width\":945,\"height\":865,\"caption\":\"MOONOI DE\"},\"image\":{\"@id\":\"https:\\\/\\\/www.moonoi.ch\\\/de\\\/#\\\/schema\\\/logo\\\/image\\\/\"},\"sameAs\":[\"https:\\\/\\\/www.pinterest.ch\\\/moonoi_shop\\\/\"]}]}<\/script>\n<!-- \/ Yoast SEO plugin. -->","yoast_head_json":{"title":"Gro\u00dfer gemusterter rosa Seidentuch - MOONOI DE","description":"Gro\u00dfer rosa Seidentuch f\u00fcr Damen, handgewebt aus reiner Thai-Seide in der Tradition des Mudmee-Stils. Entdecken Sie Thai-Seide mit MOONOI","robots":{"index":"index","follow":"follow","max-snippet":"max-snippet:-1","max-image-preview":"max-image-preview:large","max-video-preview":"max-video-preview:-1"},"canonical":"https:\/\/www.moonoi.ch\/de\/produkt\/grosser-gemusterter-rosa-seidentuch\/","og_locale":"de_DE","og_type":"article","og_title":"Gro\u00dfer gemusterter rosa Seidentuch - MOONOI DE","og_description":"Gro\u00dfer rosa Seidentuch f\u00fcr Damen, handgewebt aus reiner Thai-Seide in der Tradition des Mudmee-Stils. Entdecken Sie Thai-Seide mit MOONOI","og_url":"https:\/\/www.moonoi.ch\/de\/produkt\/grosser-gemusterter-rosa-seidentuch\/","og_site_name":"MOONOI DE","article_modified_time":"2024-08-25T12:21:31+00:00","og_image":[{"width":1108,"height":1478,"url":"https:\/\/www.moonoi.ch\/de\/wp-content\/uploads\/sites\/8\/2022\/05\/S__6766630.jpg","type":"image\/jpeg"}],"twitter_card":"summary_large_image","twitter_misc":{"Gesch\u00e4tzte Lesezeit":"1\u00a0Minute"},"schema":{"@context":"https:\/\/schema.org","@graph":[{"@type":"WebPage","@id":"https:\/\/www.moonoi.ch\/de\/produkt\/grosser-gemusterter-rosa-seidentuch\/","url":"https:\/\/www.moonoi.ch\/de\/produkt\/grosser-gemusterter-rosa-seidentuch\/","name":"Gro\u00dfer gemusterter rosa Seidentuch - MOONOI DE","isPartOf":{"@id":"https:\/\/www.moonoi.ch\/de\/#website"},"primaryImageOfPage":{"@id":"https:\/\/www.moonoi.ch\/de\/produkt\/grosser-gemusterter-rosa-seidentuch\/#primaryimage"},"image":{"@id":"https:\/\/www.moonoi.ch\/de\/produkt\/grosser-gemusterter-rosa-seidentuch\/#primaryimage"},"thumbnailUrl":"https:\/\/www.moonoi.ch\/de\/wp-content\/uploads\/sites\/8\/2022\/05\/S__6766630.jpg","datePublished":"2022-05-14T19:16:03+00:00","dateModified":"2024-08-25T12:21:31+00:00","description":"Gro\u00dfer rosa Seidentuch f\u00fcr Damen, handgewebt aus reiner Thai-Seide in der Tradition des Mudmee-Stils. Entdecken Sie Thai-Seide mit MOONOI","breadcrumb":{"@id":"https:\/\/www.moonoi.ch\/de\/produkt\/grosser-gemusterter-rosa-seidentuch\/#breadcrumb"},"inLanguage":"de","potentialAction":[{"@type":"ReadAction","target":["https:\/\/www.moonoi.ch\/de\/produkt\/grosser-gemusterter-rosa-seidentuch\/"]}]},{"@type":"ImageObject","inLanguage":"de","@id":"https:\/\/www.moonoi.ch\/de\/produkt\/grosser-gemusterter-rosa-seidentuch\/#primaryimage","url":"https:\/\/www.moonoi.ch\/de\/wp-content\/uploads\/sites\/8\/2022\/05\/S__6766630.jpg","contentUrl":"https:\/\/www.moonoi.ch\/de\/wp-content\/uploads\/sites\/8\/2022\/05\/S__6766630.jpg","width":1108,"height":1478,"caption":"Seidentuch f\u00fcr Damen"},{"@type":"BreadcrumbList","@id":"https:\/\/www.moonoi.ch\/de\/produkt\/grosser-gemusterter-rosa-seidentuch\/#breadcrumb","itemListElement":[{"@type":"ListItem","position":1,"name":"Shop","item":"https:\/\/www.moonoi.ch\/de\/shop\/"},{"@type":"ListItem","position":2,"name":"Gro\u00dfer gemusterter rosa Seidentuch"}]},{"@type":"WebSite","@id":"https:\/\/www.moonoi.ch\/de\/#website","url":"https:\/\/www.moonoi.ch\/de\/","name":"MOONOI DE","description":"SCHWEIZER SHOP | SCHNELLE &amp; KOSTENLOSE LIEFERUNG IN DER SCHWEIZ AB CHF 50","publisher":{"@id":"https:\/\/www.moonoi.ch\/de\/#organization"},"potentialAction":[{"@type":"SearchAction","target":{"@type":"EntryPoint","urlTemplate":"https:\/\/www.moonoi.ch\/de\/?s={search_term_string}"},"query-input":{"@type":"PropertyValueSpecification","valueRequired":true,"valueName":"search_term_string"}}],"inLanguage":"de"},{"@type":"Organization","@id":"https:\/\/www.moonoi.ch\/de\/#organization","name":"MOONOI DE","url":"https:\/\/www.moonoi.ch\/de\/","logo":{"@type":"ImageObject","inLanguage":"de","@id":"https:\/\/www.moonoi.ch\/de\/#\/schema\/logo\/image\/","url":"https:\/\/www.moonoi.ch\/de\/wp-content\/uploads\/sites\/8\/2019\/01\/cropped-logo-moonoi.png","contentUrl":"https:\/\/www.moonoi.ch\/de\/wp-content\/uploads\/sites\/8\/2019\/01\/cropped-logo-moonoi.png","width":945,"height":865,"caption":"MOONOI DE"},"image":{"@id":"https:\/\/www.moonoi.ch\/de\/#\/schema\/logo\/image\/"},"sameAs":["https:\/\/www.pinterest.ch\/moonoi_shop\/"]}]}},"_links":{"self":[{"href":"https:\/\/www.moonoi.ch\/de\/wp-json\/wp\/v2\/product\/4271","targetHints":{"allow":["GET"]}}],"collection":[{"href":"https:\/\/www.moonoi.ch\/de\/wp-json\/wp\/v2\/product"}],"about":[{"href":"https:\/\/www.moonoi.ch\/de\/wp-json\/wp\/v2\/types\/product"}],"replies":[{"embeddable":true,"href":"https:\/\/www.moonoi.ch\/de\/wp-json\/wp\/v2\/comments?post=4271"}],"wp:featuredmedia":[{"embeddable":true,"href":"https:\/\/www.moonoi.ch\/de\/wp-json\/wp\/v2\/media\/4272"}],"wp:attachment":[{"href":"https:\/\/www.moonoi.ch\/de\/wp-json\/wp\/v2\/media?parent=4271"}],"wp:term":[{"taxonomy":"product_brand","embeddable":true,"href":"https:\/\/www.moonoi.ch\/de\/wp-json\/wp\/v2\/product_brand?post=4271"},{"taxonomy":"product_cat","embeddable":true,"href":"https:\/\/www.moonoi.ch\/de\/wp-json\/wp\/v2\/product_cat?post=4271"},{"taxonomy":"product_tag","embeddable":true,"href":"https:\/\/www.moonoi.ch\/de\/wp-json\/wp\/v2\/product_tag?post=4271"}],"curies":[{"name":"wp","href":"https:\/\/api.w.org\/{rel}","templated":true}]}}