{"id":4214,"date":"2022-05-09T20:06:21","date_gmt":"2022-05-09T20:06:21","guid":{"rendered":"https:\/\/www.moonoi.ch\/de\/?post_type=product&#038;p=4214"},"modified":"2024-05-06T19:10:34","modified_gmt":"2024-05-06T19:10:34","slug":"grosser-intensiv-roter-seidentuch","status":"publish","type":"product","link":"https:\/\/www.moonoi.ch\/de\/produkt\/grosser-intensiv-roter-seidentuch\/","title":{"rendered":"Gro\u00dfer intensiv roter Seidentuch"},"content":{"rendered":"<p>Gro\u00dfer Seidentuch\/Seidenschal aus reiner thail\u00e4ndischer Maulbeerseide, gewebt und handgef\u00e4rbt.<\/p>\n<p>Dieser hellrot gemusterte Seidenschal kann das ganze Jahr \u00fcber getragen werden und kann alle Arten von Outfits mit gro\u00dfem Stil und Originalit\u00e4t begleiten. Sein intensives Rot wird durch geometrische Muster und wei\u00dfe Linien ged\u00e4mpft, was der Blutfarbe des Schals eine weichere Note verleiht. Das Weben im &#8222;Mudmee&#8220;-Stil ist eines der Juwelen der thail\u00e4ndischen Seidenhandwerkskunst mit einzigartigen, aber leicht erkennbaren Mustern.<\/p>\n<p>Dieser Seidentuch f\u00fcr Damen und Herren ist ein vielseitiges Accessoire mit einer unnachahmlichen Textur, das um den Hals oder \u00fcber den Schultern getragen werden kann.<\/p>\n<p>Betreten Sie mit MOONOI Produkten die faszinierende Welt der Thai-Seide<\/p>\n<p>&nbsp;<\/p>\n","protected":false},"excerpt":{"rendered":"<p>Gro\u00dfer roter Seidenschal mit wei\u00dfen Mustern, handgefertigt 100 % thail\u00e4ndische \u201eMudmee\u201c-Seide<\/p>\n<p>Gr\u00f6sse: 180 x 60 cm<\/p>\n<p>Jeder Seidenschal ist handgefertigt und somit ein Unikat. Das bedeutet, dass Gr\u00f6\u00dfe und Designs geringf\u00fcgig von den gezeigten Bildern und Abmessungen abweichen k\u00f6nnen.<\/p>\n","protected":false},"featured_media":4215,"comment_status":"open","ping_status":"closed","template":"","meta":{"site-sidebar-layout":"default","site-content-layout":"default","ast-site-content-layout":"default","site-content-style":"default","site-sidebar-style":"default","ast-global-header-display":"","ast-banner-title-visibility":"","ast-main-header-display":"","ast-hfb-above-header-display":"","ast-hfb-below-header-display":"","ast-hfb-mobile-header-display":"","site-post-title":"","ast-breadcrumbs-content":"","ast-featured-img":"","footer-sml-layout":"","ast-disable-related-posts":"","theme-transparent-header-meta":"default","adv-header-id-meta":"","stick-header-meta":"","header-above-stick-meta":"","header-main-stick-meta":"","header-below-stick-meta":"","astra-migrate-meta-layouts":"set","ast-page-background-enabled":"default","ast-page-background-meta":{"desktop":{"background-color":"","background-image":"","background-repeat":"repeat","background-position":"center center","background-size":"auto","background-attachment":"scroll","background-type":"","background-media":"","overlay-type":"","overlay-color":"","overlay-opacity":"","overlay-gradient":""},"tablet":{"background-color":"","background-image":"","background-repeat":"repeat","background-position":"center center","background-size":"auto","background-attachment":"scroll","background-type":"","background-media":"","overlay-type":"","overlay-color":"","overlay-opacity":"","overlay-gradient":""},"mobile":{"background-color":"","background-image":"","background-repeat":"repeat","background-position":"center center","background-size":"auto","background-attachment":"scroll","background-type":"","background-media":"","overlay-type":"","overlay-color":"","overlay-opacity":"","overlay-gradient":""}},"ast-content-background-meta":{"desktop":{"background-color":"var(--ast-global-color-5)","background-image":"","background-repeat":"repeat","background-position":"center center","background-size":"auto","background-attachment":"scroll","background-type":"","background-media":"","overlay-type":"","overlay-color":"","overlay-opacity":"","overlay-gradient":""},"tablet":{"background-color":"var(--ast-global-color-5)","background-image":"","background-repeat":"repeat","background-position":"center center","background-size":"auto","background-attachment":"scroll","background-type":"","background-media":"","overlay-type":"","overlay-color":"","overlay-opacity":"","overlay-gradient":""},"mobile":{"background-color":"var(--ast-global-color-5)","background-image":"","background-repeat":"repeat","background-position":"center center","background-size":"auto","background-attachment":"scroll","background-type":"","background-media":"","overlay-type":"","overlay-color":"","overlay-opacity":"","overlay-gradient":""}}},"product_brand":[],"product_cat":[38,33],"product_tag":[],"class_list":{"0":"post-4214","1":"product","2":"type-product","3":"status-publish","4":"has-post-thumbnail","6":"product_cat-mudmee-seide","7":"product_cat-seidentuch","8":"desktop-align-left","9":"tablet-align-left","10":"mobile-align-left","12":"first","13":"outofstock","14":"featured","15":"shipping-taxable","16":"purchasable","17":"product-type-simple"},"yoast_head":"<!-- This site is optimized with the Yoast SEO plugin v27.4 - https:\/\/yoast.com\/product\/yoast-seo-wordpress\/ -->\n<title>Gro\u00dfer intensiv roter Seidentuch - MOONOI DE<\/title>\n<meta name=\"description\" content=\"Gro\u00dfer roter Seidentuch, handgewebt aus reiner Seide aus Thailand. Entdecken Sie die thailandische Seide im MOONOI-Shop\" \/>\n<meta name=\"robots\" content=\"index, follow, max-snippet:-1, max-image-preview:large, max-video-preview:-1\" \/>\n<link rel=\"canonical\" href=\"https:\/\/www.moonoi.ch\/de\/produkt\/grosser-intensiv-roter-seidentuch\/\" \/>\n<meta property=\"og:locale\" content=\"de_DE\" \/>\n<meta property=\"og:type\" content=\"article\" \/>\n<meta property=\"og:title\" content=\"Gro\u00dfer intensiv roter Seidentuch - MOONOI DE\" \/>\n<meta property=\"og:description\" content=\"Gro\u00dfer roter Seidentuch, handgewebt aus reiner Seide aus Thailand. Entdecken Sie die thailandische Seide im MOONOI-Shop\" \/>\n<meta property=\"og:url\" content=\"https:\/\/www.moonoi.ch\/de\/produkt\/grosser-intensiv-roter-seidentuch\/\" \/>\n<meta property=\"og:site_name\" content=\"MOONOI DE\" \/>\n<meta property=\"article:modified_time\" content=\"2024-05-06T19:10:34+00:00\" \/>\n<meta property=\"og:image\" content=\"https:\/\/www.moonoi.ch\/de\/wp-content\/uploads\/sites\/8\/2022\/05\/S__6766619.jpg\" \/>\n\t<meta property=\"og:image:width\" content=\"1108\" \/>\n\t<meta property=\"og:image:height\" content=\"1478\" \/>\n\t<meta property=\"og:image:type\" content=\"image\/jpeg\" \/>\n<meta name=\"twitter:card\" content=\"summary_large_image\" \/>\n<meta name=\"twitter:label1\" content=\"Gesch\u00e4tzte Lesezeit\" \/>\n\t<meta name=\"twitter:data1\" content=\"1\u00a0Minute\" \/>\n<script type=\"application\/ld+json\" class=\"yoast-schema-graph\">{\"@context\":\"https:\\\/\\\/schema.org\",\"@graph\":[{\"@type\":\"WebPage\",\"@id\":\"https:\\\/\\\/www.moonoi.ch\\\/de\\\/produkt\\\/grosser-intensiv-roter-seidentuch\\\/\",\"url\":\"https:\\\/\\\/www.moonoi.ch\\\/de\\\/produkt\\\/grosser-intensiv-roter-seidentuch\\\/\",\"name\":\"Gro\u00dfer intensiv roter Seidentuch - MOONOI DE\",\"isPartOf\":{\"@id\":\"https:\\\/\\\/www.moonoi.ch\\\/de\\\/#website\"},\"primaryImageOfPage\":{\"@id\":\"https:\\\/\\\/www.moonoi.ch\\\/de\\\/produkt\\\/grosser-intensiv-roter-seidentuch\\\/#primaryimage\"},\"image\":{\"@id\":\"https:\\\/\\\/www.moonoi.ch\\\/de\\\/produkt\\\/grosser-intensiv-roter-seidentuch\\\/#primaryimage\"},\"thumbnailUrl\":\"https:\\\/\\\/www.moonoi.ch\\\/de\\\/wp-content\\\/uploads\\\/sites\\\/8\\\/2022\\\/05\\\/S__6766619.jpg\",\"datePublished\":\"2022-05-09T20:06:21+00:00\",\"dateModified\":\"2024-05-06T19:10:34+00:00\",\"description\":\"Gro\u00dfer roter Seidentuch, handgewebt aus reiner Seide aus Thailand. Entdecken Sie die thailandische Seide im MOONOI-Shop\",\"breadcrumb\":{\"@id\":\"https:\\\/\\\/www.moonoi.ch\\\/de\\\/produkt\\\/grosser-intensiv-roter-seidentuch\\\/#breadcrumb\"},\"inLanguage\":\"de\",\"potentialAction\":[{\"@type\":\"ReadAction\",\"target\":[\"https:\\\/\\\/www.moonoi.ch\\\/de\\\/produkt\\\/grosser-intensiv-roter-seidentuch\\\/\"]}]},{\"@type\":\"ImageObject\",\"inLanguage\":\"de\",\"@id\":\"https:\\\/\\\/www.moonoi.ch\\\/de\\\/produkt\\\/grosser-intensiv-roter-seidentuch\\\/#primaryimage\",\"url\":\"https:\\\/\\\/www.moonoi.ch\\\/de\\\/wp-content\\\/uploads\\\/sites\\\/8\\\/2022\\\/05\\\/S__6766619.jpg\",\"contentUrl\":\"https:\\\/\\\/www.moonoi.ch\\\/de\\\/wp-content\\\/uploads\\\/sites\\\/8\\\/2022\\\/05\\\/S__6766619.jpg\",\"width\":1108,\"height\":1478,\"caption\":\"roter Seidentuch\"},{\"@type\":\"BreadcrumbList\",\"@id\":\"https:\\\/\\\/www.moonoi.ch\\\/de\\\/produkt\\\/grosser-intensiv-roter-seidentuch\\\/#breadcrumb\",\"itemListElement\":[{\"@type\":\"ListItem\",\"position\":1,\"name\":\"Shop\",\"item\":\"https:\\\/\\\/www.moonoi.ch\\\/de\\\/shop\\\/\"},{\"@type\":\"ListItem\",\"position\":2,\"name\":\"Gro\u00dfer intensiv roter Seidentuch\"}]},{\"@type\":\"WebSite\",\"@id\":\"https:\\\/\\\/www.moonoi.ch\\\/de\\\/#website\",\"url\":\"https:\\\/\\\/www.moonoi.ch\\\/de\\\/\",\"name\":\"MOONOI DE\",\"description\":\"SCHWEIZER SHOP | SCHNELLE &amp; KOSTENLOSE LIEFERUNG IN DER SCHWEIZ AB CHF 50\",\"publisher\":{\"@id\":\"https:\\\/\\\/www.moonoi.ch\\\/de\\\/#organization\"},\"potentialAction\":[{\"@type\":\"SearchAction\",\"target\":{\"@type\":\"EntryPoint\",\"urlTemplate\":\"https:\\\/\\\/www.moonoi.ch\\\/de\\\/?s={search_term_string}\"},\"query-input\":{\"@type\":\"PropertyValueSpecification\",\"valueRequired\":true,\"valueName\":\"search_term_string\"}}],\"inLanguage\":\"de\"},{\"@type\":\"Organization\",\"@id\":\"https:\\\/\\\/www.moonoi.ch\\\/de\\\/#organization\",\"name\":\"MOONOI DE\",\"url\":\"https:\\\/\\\/www.moonoi.ch\\\/de\\\/\",\"logo\":{\"@type\":\"ImageObject\",\"inLanguage\":\"de\",\"@id\":\"https:\\\/\\\/www.moonoi.ch\\\/de\\\/#\\\/schema\\\/logo\\\/image\\\/\",\"url\":\"https:\\\/\\\/www.moonoi.ch\\\/de\\\/wp-content\\\/uploads\\\/sites\\\/8\\\/2019\\\/01\\\/cropped-logo-moonoi.png\",\"contentUrl\":\"https:\\\/\\\/www.moonoi.ch\\\/de\\\/wp-content\\\/uploads\\\/sites\\\/8\\\/2019\\\/01\\\/cropped-logo-moonoi.png\",\"width\":945,\"height\":865,\"caption\":\"MOONOI DE\"},\"image\":{\"@id\":\"https:\\\/\\\/www.moonoi.ch\\\/de\\\/#\\\/schema\\\/logo\\\/image\\\/\"},\"sameAs\":[\"https:\\\/\\\/www.pinterest.ch\\\/moonoi_shop\\\/\"]}]}<\/script>\n<!-- \/ Yoast SEO plugin. -->","yoast_head_json":{"title":"Gro\u00dfer intensiv roter Seidentuch - MOONOI DE","description":"Gro\u00dfer roter Seidentuch, handgewebt aus reiner Seide aus Thailand. Entdecken Sie die thailandische Seide im MOONOI-Shop","robots":{"index":"index","follow":"follow","max-snippet":"max-snippet:-1","max-image-preview":"max-image-preview:large","max-video-preview":"max-video-preview:-1"},"canonical":"https:\/\/www.moonoi.ch\/de\/produkt\/grosser-intensiv-roter-seidentuch\/","og_locale":"de_DE","og_type":"article","og_title":"Gro\u00dfer intensiv roter Seidentuch - MOONOI DE","og_description":"Gro\u00dfer roter Seidentuch, handgewebt aus reiner Seide aus Thailand. Entdecken Sie die thailandische Seide im MOONOI-Shop","og_url":"https:\/\/www.moonoi.ch\/de\/produkt\/grosser-intensiv-roter-seidentuch\/","og_site_name":"MOONOI DE","article_modified_time":"2024-05-06T19:10:34+00:00","og_image":[{"width":1108,"height":1478,"url":"https:\/\/www.moonoi.ch\/de\/wp-content\/uploads\/sites\/8\/2022\/05\/S__6766619.jpg","type":"image\/jpeg"}],"twitter_card":"summary_large_image","twitter_misc":{"Gesch\u00e4tzte Lesezeit":"1\u00a0Minute"},"schema":{"@context":"https:\/\/schema.org","@graph":[{"@type":"WebPage","@id":"https:\/\/www.moonoi.ch\/de\/produkt\/grosser-intensiv-roter-seidentuch\/","url":"https:\/\/www.moonoi.ch\/de\/produkt\/grosser-intensiv-roter-seidentuch\/","name":"Gro\u00dfer intensiv roter Seidentuch - MOONOI DE","isPartOf":{"@id":"https:\/\/www.moonoi.ch\/de\/#website"},"primaryImageOfPage":{"@id":"https:\/\/www.moonoi.ch\/de\/produkt\/grosser-intensiv-roter-seidentuch\/#primaryimage"},"image":{"@id":"https:\/\/www.moonoi.ch\/de\/produkt\/grosser-intensiv-roter-seidentuch\/#primaryimage"},"thumbnailUrl":"https:\/\/www.moonoi.ch\/de\/wp-content\/uploads\/sites\/8\/2022\/05\/S__6766619.jpg","datePublished":"2022-05-09T20:06:21+00:00","dateModified":"2024-05-06T19:10:34+00:00","description":"Gro\u00dfer roter Seidentuch, handgewebt aus reiner Seide aus Thailand. Entdecken Sie die thailandische Seide im MOONOI-Shop","breadcrumb":{"@id":"https:\/\/www.moonoi.ch\/de\/produkt\/grosser-intensiv-roter-seidentuch\/#breadcrumb"},"inLanguage":"de","potentialAction":[{"@type":"ReadAction","target":["https:\/\/www.moonoi.ch\/de\/produkt\/grosser-intensiv-roter-seidentuch\/"]}]},{"@type":"ImageObject","inLanguage":"de","@id":"https:\/\/www.moonoi.ch\/de\/produkt\/grosser-intensiv-roter-seidentuch\/#primaryimage","url":"https:\/\/www.moonoi.ch\/de\/wp-content\/uploads\/sites\/8\/2022\/05\/S__6766619.jpg","contentUrl":"https:\/\/www.moonoi.ch\/de\/wp-content\/uploads\/sites\/8\/2022\/05\/S__6766619.jpg","width":1108,"height":1478,"caption":"roter Seidentuch"},{"@type":"BreadcrumbList","@id":"https:\/\/www.moonoi.ch\/de\/produkt\/grosser-intensiv-roter-seidentuch\/#breadcrumb","itemListElement":[{"@type":"ListItem","position":1,"name":"Shop","item":"https:\/\/www.moonoi.ch\/de\/shop\/"},{"@type":"ListItem","position":2,"name":"Gro\u00dfer intensiv roter Seidentuch"}]},{"@type":"WebSite","@id":"https:\/\/www.moonoi.ch\/de\/#website","url":"https:\/\/www.moonoi.ch\/de\/","name":"MOONOI DE","description":"SCHWEIZER SHOP | SCHNELLE &amp; KOSTENLOSE LIEFERUNG IN DER SCHWEIZ AB CHF 50","publisher":{"@id":"https:\/\/www.moonoi.ch\/de\/#organization"},"potentialAction":[{"@type":"SearchAction","target":{"@type":"EntryPoint","urlTemplate":"https:\/\/www.moonoi.ch\/de\/?s={search_term_string}"},"query-input":{"@type":"PropertyValueSpecification","valueRequired":true,"valueName":"search_term_string"}}],"inLanguage":"de"},{"@type":"Organization","@id":"https:\/\/www.moonoi.ch\/de\/#organization","name":"MOONOI DE","url":"https:\/\/www.moonoi.ch\/de\/","logo":{"@type":"ImageObject","inLanguage":"de","@id":"https:\/\/www.moonoi.ch\/de\/#\/schema\/logo\/image\/","url":"https:\/\/www.moonoi.ch\/de\/wp-content\/uploads\/sites\/8\/2019\/01\/cropped-logo-moonoi.png","contentUrl":"https:\/\/www.moonoi.ch\/de\/wp-content\/uploads\/sites\/8\/2019\/01\/cropped-logo-moonoi.png","width":945,"height":865,"caption":"MOONOI DE"},"image":{"@id":"https:\/\/www.moonoi.ch\/de\/#\/schema\/logo\/image\/"},"sameAs":["https:\/\/www.pinterest.ch\/moonoi_shop\/"]}]}},"_links":{"self":[{"href":"https:\/\/www.moonoi.ch\/de\/wp-json\/wp\/v2\/product\/4214","targetHints":{"allow":["GET"]}}],"collection":[{"href":"https:\/\/www.moonoi.ch\/de\/wp-json\/wp\/v2\/product"}],"about":[{"href":"https:\/\/www.moonoi.ch\/de\/wp-json\/wp\/v2\/types\/product"}],"replies":[{"embeddable":true,"href":"https:\/\/www.moonoi.ch\/de\/wp-json\/wp\/v2\/comments?post=4214"}],"wp:featuredmedia":[{"embeddable":true,"href":"https:\/\/www.moonoi.ch\/de\/wp-json\/wp\/v2\/media\/4215"}],"wp:attachment":[{"href":"https:\/\/www.moonoi.ch\/de\/wp-json\/wp\/v2\/media?parent=4214"}],"wp:term":[{"taxonomy":"product_brand","embeddable":true,"href":"https:\/\/www.moonoi.ch\/de\/wp-json\/wp\/v2\/product_brand?post=4214"},{"taxonomy":"product_cat","embeddable":true,"href":"https:\/\/www.moonoi.ch\/de\/wp-json\/wp\/v2\/product_cat?post=4214"},{"taxonomy":"product_tag","embeddable":true,"href":"https:\/\/www.moonoi.ch\/de\/wp-json\/wp\/v2\/product_tag?post=4214"}],"curies":[{"name":"wp","href":"https:\/\/api.w.org\/{rel}","templated":true}]}}