{"id":10134,"date":"2024-11-13T21:11:20","date_gmt":"2024-11-13T21:11:20","guid":{"rendered":"https:\/\/www.moonoi.ch\/de\/?post_type=product&#038;p=10134"},"modified":"2025-11-08T15:49:36","modified_gmt":"2025-11-08T15:49:36","slug":"grosser-kirschroter-seidenkissenbezug-475-cm-x-75-cm","status":"publish","type":"product","link":"https:\/\/www.moonoi.ch\/de\/produkt\/grosser-kirschroter-seidenkissenbezug-475-cm-x-75-cm\/","title":{"rendered":"Gro\u00dfer kirschroter Seidenkissenbezug \u2013 47,5 cm x 75 cm"},"content":{"rendered":"<p id=\"tw-target-text\" class=\"tw-data-text tw-text-large tw-ta\" dir=\"ltr\" data-placeholder=\"Translation\" data-ved=\"2ahUKEwjK9fKsm9qJAxX-87sIHTo3KIoQ3ewLegQICRAT\" aria-label=\"Translated text: Seidenkissenbezug, handgefertigt in Thailand, 100 % Seide. Abmessungen: 47,5 cm x 75 cm Dieser kirschrote Kissenbezug aus Seide verleiht Ihrem Schlaf- oder Wohnzimmer einen angenehmen und farbenfrohen Farbton. Die Eigenschaften von Seide machen sie zu einem besonders geeigneten Material f\u00fcr einen Kissenbezug. Die weiche und glatte Textur der Seide tr\u00e4gt dazu bei, die Reibung auf der Haut zu minimieren und so langfristig der Entstehung von Falten vorzubeugen. Au\u00dferdem verursacht Seide keine statische Elektrizit\u00e4t, sodass sich Ihr Haar beim Aufwachen nicht zu sehr verheddert. Schlie\u00dflich verf\u00fcgt ein Seidenkissenbezug \u00fcber thermoregulierende Eigenschaften, die f\u00fcr ein frisches und angenehmes Gef\u00fchl auf der Haut sorgen und so einen guten Schlaf f\u00f6rdern. Entdecken Sie die faszinierende Welt der Seide mit MOONOI-Seidenartikeln\"><span class=\"Y2IQFc\" lang=\"de\">Seidenkissenbezug, handgefertigt in Thailand, 100 % Seide.<\/span><\/p>\n<p class=\"tw-data-text tw-text-large tw-ta\" dir=\"ltr\" data-placeholder=\"Translation\" data-ved=\"2ahUKEwjK9fKsm9qJAxX-87sIHTo3KIoQ3ewLegQICRAT\" aria-label=\"Translated text: Seidenkissenbezug, handgefertigt in Thailand, 100 % Seide. Abmessungen: 47,5 cm x 75 cm Dieser kirschrote Kissenbezug aus Seide verleiht Ihrem Schlaf- oder Wohnzimmer einen angenehmen und farbenfrohen Farbton. Die Eigenschaften von Seide machen sie zu einem besonders geeigneten Material f\u00fcr einen Kissenbezug. Die weiche und glatte Textur der Seide tr\u00e4gt dazu bei, die Reibung auf der Haut zu minimieren und so langfristig der Entstehung von Falten vorzubeugen. Au\u00dferdem verursacht Seide keine statische Elektrizit\u00e4t, sodass sich Ihr Haar beim Aufwachen nicht zu sehr verheddert. Schlie\u00dflich verf\u00fcgt ein Seidenkissenbezug \u00fcber thermoregulierende Eigenschaften, die f\u00fcr ein frisches und angenehmes Gef\u00fchl auf der Haut sorgen und so einen guten Schlaf f\u00f6rdern. Entdecken Sie die faszinierende Welt der Seide mit MOONOI-Seidenartikeln\"><span class=\"Y2IQFc\" lang=\"de\">Gr\u00f6sse: 47,5 cm x 75 cm <\/span><\/p>\n<p class=\"tw-data-text tw-text-large tw-ta\" dir=\"ltr\" data-placeholder=\"Translation\" data-ved=\"2ahUKEwjK9fKsm9qJAxX-87sIHTo3KIoQ3ewLegQICRAT\" aria-label=\"Translated text: Seidenkissenbezug, handgefertigt in Thailand, 100 % Seide. Abmessungen: 47,5 cm x 75 cm Dieser kirschrote Kissenbezug aus Seide verleiht Ihrem Schlaf- oder Wohnzimmer einen angenehmen und farbenfrohen Farbton. Die Eigenschaften von Seide machen sie zu einem besonders geeigneten Material f\u00fcr einen Kissenbezug. Die weiche und glatte Textur der Seide tr\u00e4gt dazu bei, die Reibung auf der Haut zu minimieren und so langfristig der Entstehung von Falten vorzubeugen. Au\u00dferdem verursacht Seide keine statische Elektrizit\u00e4t, sodass sich Ihr Haar beim Aufwachen nicht zu sehr verheddert. Schlie\u00dflich verf\u00fcgt ein Seidenkissenbezug \u00fcber thermoregulierende Eigenschaften, die f\u00fcr ein frisches und angenehmes Gef\u00fchl auf der Haut sorgen und so einen guten Schlaf f\u00f6rdern. Entdecken Sie die faszinierende Welt der Seide mit MOONOI-Seidenartikeln\"><span class=\"Y2IQFc\" lang=\"de\">Dieser kirschrote Kissenbezug aus Seide verleiht Ihrem Schlaf- oder Wohnzimmer einen angenehmen und farbenfrohen Farbton. <\/span><\/p>\n<p class=\"tw-data-text tw-text-large tw-ta\" dir=\"ltr\" data-placeholder=\"Translation\" data-ved=\"2ahUKEwjK9fKsm9qJAxX-87sIHTo3KIoQ3ewLegQICRAT\" aria-label=\"Translated text: Seidenkissenbezug, handgefertigt in Thailand, 100 % Seide. Abmessungen: 47,5 cm x 75 cm Dieser kirschrote Kissenbezug aus Seide verleiht Ihrem Schlaf- oder Wohnzimmer einen angenehmen und farbenfrohen Farbton. Die Eigenschaften von Seide machen sie zu einem besonders geeigneten Material f\u00fcr einen Kissenbezug. Die weiche und glatte Textur der Seide tr\u00e4gt dazu bei, die Reibung auf der Haut zu minimieren und so langfristig der Entstehung von Falten vorzubeugen. Au\u00dferdem verursacht Seide keine statische Elektrizit\u00e4t, sodass sich Ihr Haar beim Aufwachen nicht zu sehr verheddert. Schlie\u00dflich verf\u00fcgt ein Seidenkissenbezug \u00fcber thermoregulierende Eigenschaften, die f\u00fcr ein frisches und angenehmes Gef\u00fchl auf der Haut sorgen und so einen guten Schlaf f\u00f6rdern. Entdecken Sie die faszinierende Welt der Seide mit MOONOI-Seidenartikeln\"><span class=\"Y2IQFc\" lang=\"de\">Die Eigenschaften von Seide machen sie zu einem besonders geeigneten Material f\u00fcr einen Kissenbezug. Die weiche und glatte Textur der Seide tr\u00e4gt dazu bei, die Reibung auf der Haut zu minimieren und so langfristig der Entstehung von Falten vorzubeugen. Au\u00dferdem verursacht Seide keine statische Elektrizit\u00e4t, sodass sich Ihr Haar beim Aufwachen nicht zu sehr verheddert. Schlie\u00dflich verf\u00fcgt ein Seidenkissenbezug \u00fcber thermoregulierende Eigenschaften, die f\u00fcr ein frisches und angenehmes Gef\u00fchl auf der Haut sorgen und so einen guten Schlaf f\u00f6rdern. <\/span><\/p>\n<p class=\"tw-data-text tw-text-large tw-ta\" dir=\"ltr\" data-placeholder=\"Translation\" data-ved=\"2ahUKEwjK9fKsm9qJAxX-87sIHTo3KIoQ3ewLegQICRAT\" aria-label=\"Translated text: Seidenkissenbezug, handgefertigt in Thailand, 100 % Seide. Abmessungen: 47,5 cm x 75 cm Dieser kirschrote Kissenbezug aus Seide verleiht Ihrem Schlaf- oder Wohnzimmer einen angenehmen und farbenfrohen Farbton. Die Eigenschaften von Seide machen sie zu einem besonders geeigneten Material f\u00fcr einen Kissenbezug. Die weiche und glatte Textur der Seide tr\u00e4gt dazu bei, die Reibung auf der Haut zu minimieren und so langfristig der Entstehung von Falten vorzubeugen. Au\u00dferdem verursacht Seide keine statische Elektrizit\u00e4t, sodass sich Ihr Haar beim Aufwachen nicht zu sehr verheddert. Schlie\u00dflich verf\u00fcgt ein Seidenkissenbezug \u00fcber thermoregulierende Eigenschaften, die f\u00fcr ein frisches und angenehmes Gef\u00fchl auf der Haut sorgen und so einen guten Schlaf f\u00f6rdern. Entdecken Sie die faszinierende Welt der Seide mit MOONOI-Seidenartikeln\"><span class=\"Y2IQFc\" lang=\"de\">Entdecken Sie die faszinierende Welt der Seide mit MOONOI-Seidenartikeln<\/span><\/p>\n","protected":false},"excerpt":{"rendered":"<div id=\"tw-target-text-container\" class=\"tw-ta-container F0azHf tw-nfl\" tabindex=\"0\" role=\"text\">\n<ul>\n<li id=\"tw-target-text\" class=\"tw-data-text tw-text-large tw-ta\" dir=\"ltr\" data-placeholder=\"Translation\" data-ved=\"2ahUKEwjK9fKsm9qJAxX-87sIHTo3KIoQ3ewLegQICRAT\" aria-label=\"Translated text: Kissenbezug aus thail\u00e4ndischer Seide. Dieser Kissenbezug ist kirschrot und hat einen Rei\u00dfverschluss an der Seite. Abmessungen: 47,5 cm x 75 cm 100 % Seide Entdecken Sie den Komfort der MOONOI-Seidenkissenbez\u00fcge f\u00fcr einen tiefen und erholsamen Schlaf.\"><span class=\"Y2IQFc\" lang=\"de\">Kissenbezug aus thail\u00e4ndischer Seide. Dieser Kissenbezug ist kirschrot und hat einen Rei\u00dfverschluss an der Seite. <\/span><\/li>\n<li class=\"tw-data-text tw-text-large tw-ta\" dir=\"ltr\" data-placeholder=\"Translation\" data-ved=\"2ahUKEwjK9fKsm9qJAxX-87sIHTo3KIoQ3ewLegQICRAT\" aria-label=\"Translated text: Kissenbezug aus thail\u00e4ndischer Seide. Dieser Kissenbezug ist kirschrot und hat einen Rei\u00dfverschluss an der Seite. Abmessungen: 47,5 cm x 75 cm 100 % Seide Entdecken Sie den Komfort der MOONOI-Seidenkissenbez\u00fcge f\u00fcr einen tiefen und erholsamen Schlaf.\"><span class=\"Y2IQFc\" lang=\"de\">Gr\u00f6sse: 47,5 cm x 75 cm <\/span><\/li>\n<li class=\"tw-data-text tw-text-large tw-ta\" dir=\"ltr\" data-placeholder=\"Translation\" data-ved=\"2ahUKEwjK9fKsm9qJAxX-87sIHTo3KIoQ3ewLegQICRAT\" aria-label=\"Translated text: Kissenbezug aus thail\u00e4ndischer Seide. Dieser Kissenbezug ist kirschrot und hat einen Rei\u00dfverschluss an der Seite. Abmessungen: 47,5 cm x 75 cm 100 % Seide Entdecken Sie den Komfort der MOONOI-Seidenkissenbez\u00fcge f\u00fcr einen tiefen und erholsamen Schlaf.\"><span class=\"Y2IQFc\" lang=\"de\">100 % Seide <\/span><\/li>\n<\/ul>\n<p class=\"tw-data-text tw-text-large tw-ta\" dir=\"ltr\" data-placeholder=\"Translation\" data-ved=\"2ahUKEwjK9fKsm9qJAxX-87sIHTo3KIoQ3ewLegQICRAT\" aria-label=\"Translated text: Kissenbezug aus thail\u00e4ndischer Seide. Dieser Kissenbezug ist kirschrot und hat einen Rei\u00dfverschluss an der Seite. Abmessungen: 47,5 cm x 75 cm 100 % Seide Entdecken Sie den Komfort der MOONOI-Seidenkissenbez\u00fcge f\u00fcr einen tiefen und erholsamen Schlaf.\"><span class=\"Y2IQFc\" lang=\"de\">Entdecken Sie den Komfort der MOONOI-Seidenkissenbez\u00fcge f\u00fcr einen tiefen und erholsamen Schlaf.<\/span><\/p>\n<\/div>\n<div id=\"tw-target-rmn-container\" class=\"tw-target-rmn tw-ta-container F0azHf tw-nfl\" tabindex=\"0\" role=\"text\">\n<p id=\"tw-target-rmn\" class=\"tw-data-placeholder tw-text-small tw-ta\" dir=\"ltr\">\n<\/div>\n","protected":false},"featured_media":10136,"comment_status":"open","ping_status":"closed","template":"","meta":{"site-sidebar-layout":"default","site-content-layout":"","ast-site-content-layout":"default","site-content-style":"default","site-sidebar-style":"default","ast-global-header-display":"","ast-banner-title-visibility":"","ast-main-header-display":"","ast-hfb-above-header-display":"","ast-hfb-below-header-display":"","ast-hfb-mobile-header-display":"","site-post-title":"","ast-breadcrumbs-content":"","ast-featured-img":"","footer-sml-layout":"","ast-disable-related-posts":"","theme-transparent-header-meta":"default","adv-header-id-meta":"","stick-header-meta":"","header-above-stick-meta":"","header-main-stick-meta":"","header-below-stick-meta":"","astra-migrate-meta-layouts":"set","ast-page-background-enabled":"default","ast-page-background-meta":{"desktop":{"background-color":"","background-image":"","background-repeat":"repeat","background-position":"center center","background-size":"auto","background-attachment":"scroll","background-type":"","background-media":"","overlay-type":"","overlay-color":"","overlay-opacity":"","overlay-gradient":""},"tablet":{"background-color":"","background-image":"","background-repeat":"repeat","background-position":"center center","background-size":"auto","background-attachment":"scroll","background-type":"","background-media":"","overlay-type":"","overlay-color":"","overlay-opacity":"","overlay-gradient":""},"mobile":{"background-color":"","background-image":"","background-repeat":"repeat","background-position":"center center","background-size":"auto","background-attachment":"scroll","background-type":"","background-media":"","overlay-type":"","overlay-color":"","overlay-opacity":"","overlay-gradient":""}},"ast-content-background-meta":{"desktop":{"background-color":"var(--ast-global-color-5)","background-image":"","background-repeat":"repeat","background-position":"center center","background-size":"auto","background-attachment":"scroll","background-type":"","background-media":"","overlay-type":"","overlay-color":"","overlay-opacity":"","overlay-gradient":""},"tablet":{"background-color":"var(--ast-global-color-5)","background-image":"","background-repeat":"repeat","background-position":"center center","background-size":"auto","background-attachment":"scroll","background-type":"","background-media":"","overlay-type":"","overlay-color":"","overlay-opacity":"","overlay-gradient":""},"mobile":{"background-color":"var(--ast-global-color-5)","background-image":"","background-repeat":"repeat","background-position":"center center","background-size":"auto","background-attachment":"scroll","background-type":"","background-media":"","overlay-type":"","overlay-color":"","overlay-opacity":"","overlay-gradient":""}}},"product_brand":[],"product_cat":[46,48,39],"product_tag":[42,41],"class_list":{"0":"post-10134","1":"product","2":"type-product","3":"status-publish","4":"has-post-thumbnail","6":"product_cat-seidenkissenbezug-47-5-x-75-cm","7":"product_cat-einfarbig","8":"product_cat-seidenkissenbezug","9":"product_tag-seide-kissenbezug","10":"product_tag-seidenkissenbezug","11":"desktop-align-left","12":"tablet-align-left","13":"mobile-align-left","15":"first","16":"instock","17":"shipping-taxable","18":"purchasable","19":"product-type-simple"},"yoast_head":"<!-- This site is optimized with the Yoast SEO plugin v27.4 - https:\/\/yoast.com\/product\/yoast-seo-wordpress\/ -->\n<title>Gro\u00dfer kirschroter Seidenkissenbezug \u2013 47,5 cm x 75 cm - MOONOI DE<\/title>\n<meta name=\"description\" content=\"Kirschroter Seidenkissenbezug, handgefertigt aus reiner Thai-Seide. Erleben Sie den luxuri\u00f6sen Komfort der Seidenkissenbez\u00fcge von MOONOI\" \/>\n<meta name=\"robots\" content=\"index, follow, max-snippet:-1, max-image-preview:large, max-video-preview:-1\" \/>\n<link rel=\"canonical\" href=\"https:\/\/www.moonoi.ch\/de\/produkt\/grosser-kirschroter-seidenkissenbezug-475-cm-x-75-cm\/\" \/>\n<meta property=\"og:locale\" content=\"de_DE\" \/>\n<meta property=\"og:type\" content=\"article\" \/>\n<meta property=\"og:title\" content=\"Gro\u00dfer kirschroter Seidenkissenbezug \u2013 47,5 cm x 75 cm - MOONOI DE\" \/>\n<meta property=\"og:description\" content=\"Kirschroter Seidenkissenbezug, handgefertigt aus reiner Thai-Seide. Erleben Sie den luxuri\u00f6sen Komfort der Seidenkissenbez\u00fcge von MOONOI\" \/>\n<meta property=\"og:url\" content=\"https:\/\/www.moonoi.ch\/de\/produkt\/grosser-kirschroter-seidenkissenbezug-475-cm-x-75-cm\/\" \/>\n<meta property=\"og:site_name\" content=\"MOONOI DE\" \/>\n<meta property=\"article:modified_time\" content=\"2025-11-08T15:49:36+00:00\" \/>\n<meta property=\"og:image\" content=\"https:\/\/www.moonoi.ch\/de\/wp-content\/uploads\/sites\/8\/2024\/11\/S__16441372_0.jpg\" \/>\n\t<meta property=\"og:image:width\" content=\"1596\" \/>\n\t<meta property=\"og:image:height\" content=\"1026\" \/>\n\t<meta property=\"og:image:type\" content=\"image\/jpeg\" \/>\n<meta name=\"twitter:card\" content=\"summary_large_image\" \/>\n<meta name=\"twitter:label1\" content=\"Gesch\u00e4tzte Lesezeit\" \/>\n\t<meta name=\"twitter:data1\" content=\"1\u00a0Minute\" \/>\n<script type=\"application\/ld+json\" class=\"yoast-schema-graph\">{\"@context\":\"https:\\\/\\\/schema.org\",\"@graph\":[{\"@type\":\"WebPage\",\"@id\":\"https:\\\/\\\/www.moonoi.ch\\\/de\\\/produkt\\\/grosser-kirschroter-seidenkissenbezug-475-cm-x-75-cm\\\/\",\"url\":\"https:\\\/\\\/www.moonoi.ch\\\/de\\\/produkt\\\/grosser-kirschroter-seidenkissenbezug-475-cm-x-75-cm\\\/\",\"name\":\"Gro\u00dfer kirschroter Seidenkissenbezug \u2013 47,5 cm x 75 cm - MOONOI DE\",\"isPartOf\":{\"@id\":\"https:\\\/\\\/www.moonoi.ch\\\/de\\\/#website\"},\"primaryImageOfPage\":{\"@id\":\"https:\\\/\\\/www.moonoi.ch\\\/de\\\/produkt\\\/grosser-kirschroter-seidenkissenbezug-475-cm-x-75-cm\\\/#primaryimage\"},\"image\":{\"@id\":\"https:\\\/\\\/www.moonoi.ch\\\/de\\\/produkt\\\/grosser-kirschroter-seidenkissenbezug-475-cm-x-75-cm\\\/#primaryimage\"},\"thumbnailUrl\":\"https:\\\/\\\/www.moonoi.ch\\\/de\\\/wp-content\\\/uploads\\\/sites\\\/8\\\/2024\\\/11\\\/S__16441372_0.jpg\",\"datePublished\":\"2024-11-13T21:11:20+00:00\",\"dateModified\":\"2025-11-08T15:49:36+00:00\",\"description\":\"Kirschroter Seidenkissenbezug, handgefertigt aus reiner Thai-Seide. Erleben Sie den luxuri\u00f6sen Komfort der Seidenkissenbez\u00fcge von MOONOI\",\"breadcrumb\":{\"@id\":\"https:\\\/\\\/www.moonoi.ch\\\/de\\\/produkt\\\/grosser-kirschroter-seidenkissenbezug-475-cm-x-75-cm\\\/#breadcrumb\"},\"inLanguage\":\"de\",\"potentialAction\":[{\"@type\":\"ReadAction\",\"target\":[\"https:\\\/\\\/www.moonoi.ch\\\/de\\\/produkt\\\/grosser-kirschroter-seidenkissenbezug-475-cm-x-75-cm\\\/\"]}]},{\"@type\":\"ImageObject\",\"inLanguage\":\"de\",\"@id\":\"https:\\\/\\\/www.moonoi.ch\\\/de\\\/produkt\\\/grosser-kirschroter-seidenkissenbezug-475-cm-x-75-cm\\\/#primaryimage\",\"url\":\"https:\\\/\\\/www.moonoi.ch\\\/de\\\/wp-content\\\/uploads\\\/sites\\\/8\\\/2024\\\/11\\\/S__16441372_0.jpg\",\"contentUrl\":\"https:\\\/\\\/www.moonoi.ch\\\/de\\\/wp-content\\\/uploads\\\/sites\\\/8\\\/2024\\\/11\\\/S__16441372_0.jpg\",\"width\":1596,\"height\":1026,\"caption\":\"Seidenkissenbezug\"},{\"@type\":\"BreadcrumbList\",\"@id\":\"https:\\\/\\\/www.moonoi.ch\\\/de\\\/produkt\\\/grosser-kirschroter-seidenkissenbezug-475-cm-x-75-cm\\\/#breadcrumb\",\"itemListElement\":[{\"@type\":\"ListItem\",\"position\":1,\"name\":\"Shop\",\"item\":\"https:\\\/\\\/www.moonoi.ch\\\/de\\\/shop\\\/\"},{\"@type\":\"ListItem\",\"position\":2,\"name\":\"Gro\u00dfer kirschroter Seidenkissenbezug \u2013 47,5 cm x 75 cm\"}]},{\"@type\":\"WebSite\",\"@id\":\"https:\\\/\\\/www.moonoi.ch\\\/de\\\/#website\",\"url\":\"https:\\\/\\\/www.moonoi.ch\\\/de\\\/\",\"name\":\"MOONOI DE\",\"description\":\"SCHWEIZER SHOP | SCHNELLE &amp; KOSTENLOSE LIEFERUNG IN DER SCHWEIZ AB CHF 50\",\"publisher\":{\"@id\":\"https:\\\/\\\/www.moonoi.ch\\\/de\\\/#organization\"},\"potentialAction\":[{\"@type\":\"SearchAction\",\"target\":{\"@type\":\"EntryPoint\",\"urlTemplate\":\"https:\\\/\\\/www.moonoi.ch\\\/de\\\/?s={search_term_string}\"},\"query-input\":{\"@type\":\"PropertyValueSpecification\",\"valueRequired\":true,\"valueName\":\"search_term_string\"}}],\"inLanguage\":\"de\"},{\"@type\":\"Organization\",\"@id\":\"https:\\\/\\\/www.moonoi.ch\\\/de\\\/#organization\",\"name\":\"MOONOI DE\",\"url\":\"https:\\\/\\\/www.moonoi.ch\\\/de\\\/\",\"logo\":{\"@type\":\"ImageObject\",\"inLanguage\":\"de\",\"@id\":\"https:\\\/\\\/www.moonoi.ch\\\/de\\\/#\\\/schema\\\/logo\\\/image\\\/\",\"url\":\"https:\\\/\\\/www.moonoi.ch\\\/de\\\/wp-content\\\/uploads\\\/sites\\\/8\\\/2019\\\/01\\\/cropped-logo-moonoi.png\",\"contentUrl\":\"https:\\\/\\\/www.moonoi.ch\\\/de\\\/wp-content\\\/uploads\\\/sites\\\/8\\\/2019\\\/01\\\/cropped-logo-moonoi.png\",\"width\":945,\"height\":865,\"caption\":\"MOONOI DE\"},\"image\":{\"@id\":\"https:\\\/\\\/www.moonoi.ch\\\/de\\\/#\\\/schema\\\/logo\\\/image\\\/\"},\"sameAs\":[\"https:\\\/\\\/www.pinterest.ch\\\/moonoi_shop\\\/\"]}]}<\/script>\n<!-- \/ Yoast SEO plugin. -->","yoast_head_json":{"title":"Gro\u00dfer kirschroter Seidenkissenbezug \u2013 47,5 cm x 75 cm - MOONOI DE","description":"Kirschroter Seidenkissenbezug, handgefertigt aus reiner Thai-Seide. Erleben Sie den luxuri\u00f6sen Komfort der Seidenkissenbez\u00fcge von MOONOI","robots":{"index":"index","follow":"follow","max-snippet":"max-snippet:-1","max-image-preview":"max-image-preview:large","max-video-preview":"max-video-preview:-1"},"canonical":"https:\/\/www.moonoi.ch\/de\/produkt\/grosser-kirschroter-seidenkissenbezug-475-cm-x-75-cm\/","og_locale":"de_DE","og_type":"article","og_title":"Gro\u00dfer kirschroter Seidenkissenbezug \u2013 47,5 cm x 75 cm - MOONOI DE","og_description":"Kirschroter Seidenkissenbezug, handgefertigt aus reiner Thai-Seide. Erleben Sie den luxuri\u00f6sen Komfort der Seidenkissenbez\u00fcge von MOONOI","og_url":"https:\/\/www.moonoi.ch\/de\/produkt\/grosser-kirschroter-seidenkissenbezug-475-cm-x-75-cm\/","og_site_name":"MOONOI DE","article_modified_time":"2025-11-08T15:49:36+00:00","og_image":[{"width":1596,"height":1026,"url":"https:\/\/www.moonoi.ch\/de\/wp-content\/uploads\/sites\/8\/2024\/11\/S__16441372_0.jpg","type":"image\/jpeg"}],"twitter_card":"summary_large_image","twitter_misc":{"Gesch\u00e4tzte Lesezeit":"1\u00a0Minute"},"schema":{"@context":"https:\/\/schema.org","@graph":[{"@type":"WebPage","@id":"https:\/\/www.moonoi.ch\/de\/produkt\/grosser-kirschroter-seidenkissenbezug-475-cm-x-75-cm\/","url":"https:\/\/www.moonoi.ch\/de\/produkt\/grosser-kirschroter-seidenkissenbezug-475-cm-x-75-cm\/","name":"Gro\u00dfer kirschroter Seidenkissenbezug \u2013 47,5 cm x 75 cm - MOONOI DE","isPartOf":{"@id":"https:\/\/www.moonoi.ch\/de\/#website"},"primaryImageOfPage":{"@id":"https:\/\/www.moonoi.ch\/de\/produkt\/grosser-kirschroter-seidenkissenbezug-475-cm-x-75-cm\/#primaryimage"},"image":{"@id":"https:\/\/www.moonoi.ch\/de\/produkt\/grosser-kirschroter-seidenkissenbezug-475-cm-x-75-cm\/#primaryimage"},"thumbnailUrl":"https:\/\/www.moonoi.ch\/de\/wp-content\/uploads\/sites\/8\/2024\/11\/S__16441372_0.jpg","datePublished":"2024-11-13T21:11:20+00:00","dateModified":"2025-11-08T15:49:36+00:00","description":"Kirschroter Seidenkissenbezug, handgefertigt aus reiner Thai-Seide. Erleben Sie den luxuri\u00f6sen Komfort der Seidenkissenbez\u00fcge von MOONOI","breadcrumb":{"@id":"https:\/\/www.moonoi.ch\/de\/produkt\/grosser-kirschroter-seidenkissenbezug-475-cm-x-75-cm\/#breadcrumb"},"inLanguage":"de","potentialAction":[{"@type":"ReadAction","target":["https:\/\/www.moonoi.ch\/de\/produkt\/grosser-kirschroter-seidenkissenbezug-475-cm-x-75-cm\/"]}]},{"@type":"ImageObject","inLanguage":"de","@id":"https:\/\/www.moonoi.ch\/de\/produkt\/grosser-kirschroter-seidenkissenbezug-475-cm-x-75-cm\/#primaryimage","url":"https:\/\/www.moonoi.ch\/de\/wp-content\/uploads\/sites\/8\/2024\/11\/S__16441372_0.jpg","contentUrl":"https:\/\/www.moonoi.ch\/de\/wp-content\/uploads\/sites\/8\/2024\/11\/S__16441372_0.jpg","width":1596,"height":1026,"caption":"Seidenkissenbezug"},{"@type":"BreadcrumbList","@id":"https:\/\/www.moonoi.ch\/de\/produkt\/grosser-kirschroter-seidenkissenbezug-475-cm-x-75-cm\/#breadcrumb","itemListElement":[{"@type":"ListItem","position":1,"name":"Shop","item":"https:\/\/www.moonoi.ch\/de\/shop\/"},{"@type":"ListItem","position":2,"name":"Gro\u00dfer kirschroter Seidenkissenbezug \u2013 47,5 cm x 75 cm"}]},{"@type":"WebSite","@id":"https:\/\/www.moonoi.ch\/de\/#website","url":"https:\/\/www.moonoi.ch\/de\/","name":"MOONOI DE","description":"SCHWEIZER SHOP | SCHNELLE &amp; KOSTENLOSE LIEFERUNG IN DER SCHWEIZ AB CHF 50","publisher":{"@id":"https:\/\/www.moonoi.ch\/de\/#organization"},"potentialAction":[{"@type":"SearchAction","target":{"@type":"EntryPoint","urlTemplate":"https:\/\/www.moonoi.ch\/de\/?s={search_term_string}"},"query-input":{"@type":"PropertyValueSpecification","valueRequired":true,"valueName":"search_term_string"}}],"inLanguage":"de"},{"@type":"Organization","@id":"https:\/\/www.moonoi.ch\/de\/#organization","name":"MOONOI DE","url":"https:\/\/www.moonoi.ch\/de\/","logo":{"@type":"ImageObject","inLanguage":"de","@id":"https:\/\/www.moonoi.ch\/de\/#\/schema\/logo\/image\/","url":"https:\/\/www.moonoi.ch\/de\/wp-content\/uploads\/sites\/8\/2019\/01\/cropped-logo-moonoi.png","contentUrl":"https:\/\/www.moonoi.ch\/de\/wp-content\/uploads\/sites\/8\/2019\/01\/cropped-logo-moonoi.png","width":945,"height":865,"caption":"MOONOI DE"},"image":{"@id":"https:\/\/www.moonoi.ch\/de\/#\/schema\/logo\/image\/"},"sameAs":["https:\/\/www.pinterest.ch\/moonoi_shop\/"]}]}},"_links":{"self":[{"href":"https:\/\/www.moonoi.ch\/de\/wp-json\/wp\/v2\/product\/10134","targetHints":{"allow":["GET"]}}],"collection":[{"href":"https:\/\/www.moonoi.ch\/de\/wp-json\/wp\/v2\/product"}],"about":[{"href":"https:\/\/www.moonoi.ch\/de\/wp-json\/wp\/v2\/types\/product"}],"replies":[{"embeddable":true,"href":"https:\/\/www.moonoi.ch\/de\/wp-json\/wp\/v2\/comments?post=10134"}],"wp:featuredmedia":[{"embeddable":true,"href":"https:\/\/www.moonoi.ch\/de\/wp-json\/wp\/v2\/media\/10136"}],"wp:attachment":[{"href":"https:\/\/www.moonoi.ch\/de\/wp-json\/wp\/v2\/media?parent=10134"}],"wp:term":[{"taxonomy":"product_brand","embeddable":true,"href":"https:\/\/www.moonoi.ch\/de\/wp-json\/wp\/v2\/product_brand?post=10134"},{"taxonomy":"product_cat","embeddable":true,"href":"https:\/\/www.moonoi.ch\/de\/wp-json\/wp\/v2\/product_cat?post=10134"},{"taxonomy":"product_tag","embeddable":true,"href":"https:\/\/www.moonoi.ch\/de\/wp-json\/wp\/v2\/product_tag?post=10134"}],"curies":[{"name":"wp","href":"https:\/\/api.w.org\/{rel}","templated":true}]}}